{"id":7,"date":"2018-01-19T09:42:11","date_gmt":"2018-01-19T09:42:11","guid":{"rendered":"http:\/\/bridge136.qodeinteractive.com\/?page_id=7"},"modified":"2025-06-10T17:25:25","modified_gmt":"2025-06-10T17:25:25","slug":"home","status":"publish","type":"page","link":"https:\/\/www.amsc.es\/","title":{"rendered":"Inicio"},"content":{"rendered":"<div class=\"wpb-content-wrapper\"><p>[vc_row css_animation=\u00bb\u00bb row_type=\u00bbrow\u00bb use_row_as_full_screen_section=\u00bbno\u00bb type=\u00bbfull_width\u00bb angled_section=\u00bbno\u00bb text_align=\u00bbleft\u00bb background_image_as_pattern=\u00bbwithout_pattern\u00bb][vc_column width=\u00bb3\/12&#8243;][\/vc_column][vc_column width=\u00bb6\/12&#8243; css=\u00bb.vc_custom_1599645645974{background-color: #ffffff !important;}\u00bb][vc_column_text css=\u00bb.vc_custom_1599645845683{margin-top: -80px !important;}\u00bb]<img loading=\"lazy\" decoding=\"async\" class=\"size-medium wp-image-234 aligncenter\" src=\"https:\/\/www.amsc.es\/wp-content\/uploads\/2018\/05\/Logo-AM-300x132.jpg\" alt=\"\" width=\"300\" height=\"132\" \/>[\/vc_column_text][vc_column_text css=\u00bb.vc_custom_1599809332566{padding-right: 20px !important;padding-left: 20px !important;}\u00bb]<\/p>\n<h1 style=\"font-size: 25px !important; text-align: center;\">Alta Mora\u00f1a Sociedad Cooperativa<\/h1>\n<h5 style=\"text-align: center;\">Somos la mayor Cooperativa de la provincia de \u00c1vila y referencia como fabricante y distribuidor de piensos y productos l\u00e1cteos<\/h5>\n<p>[\/vc_column_text][\/vc_column][vc_column width=\u00bb3\/12&#8243;][\/vc_column][\/vc_row][vc_row css_animation=\u00bb\u00bb row_type=\u00bbrow\u00bb use_row_as_full_screen_section=\u00bbno\u00bb type=\u00bbfull_width\u00bb angled_section=\u00bbno\u00bb text_align=\u00bbleft\u00bb background_image_as_pattern=\u00bbwithout_pattern\u00bb][vc_column][vc_row_inner row_type=\u00bbrow\u00bb type=\u00bbgrid\u00bb text_align=\u00bbleft\u00bb css_animation=\u00bb\u00bb css=\u00bb.vc_custom_1599647026353{padding-right: 20px !important;padding-left: 20px !important;}\u00bb][vc_column_inner offset=\u00bbvc_col-lg-4 vc_col-md-4&#8243;]<div class=\"qode-info-card\">\n\t\t\t<div class=\"qode-info-card-image\" style=\"background-color:#fff\">\n\t\t\t<img decoding=\"async\" src=\"https:\/\/www.amsc.es\/wp-content\/uploads\/2020\/09\/piensos-alta-moran\u0303aMesa-de-trabajo-2-100.jpg\" alt=\"\" \/>\n\t\t<\/div>\n\t\t<div class=\"qode-info-card-text-holder\" style=\"background-color:#fff\">\n\t\t\t\t\t<h2 class=\"qode-info-card-title\" >\n\t\t\t\tFabricaci\u00f3n de piensos\t\t\t<\/h2>\n\t\t\t\t\t\t\t<p class=\"qode-info-card-text\" >\n\t\t\t\tAmplia gama de piensos para todas las especies, en particular de vacuno de leche y carne con piensos para todas las necesidades y asesoramiento personalizado en nutrici\u00f3n.\t\t\t<\/p>\n\t\t\t<\/div>\n\t\t\t<div class=\"qode-info-card-link-holder\">\n\t\t\t<a itemprop=\"url\" class=\"qode-qbutton-main-color qode-qbutton-full-width qode-qbutton-square\" href=\"https:\/\/www.amsc.es\/index.php\/piensos\/\" target=\"_self\" style=\"background-color:#001e8b\"><span>M\u00e1s informaci\u00f3n<\/span><\/a>\n\t\t<\/div>\n\t<\/div>[vc_empty_space height=\u00bb36px\u00bb][\/vc_column_inner][vc_column_inner offset=\u00bbvc_col-lg-4 vc_col-md-4&#8243;]<div class=\"qode-info-card\">\n\t\t\t<div class=\"qode-info-card-image\" style=\"background-color:#fff\">\n\t\t\t<img decoding=\"async\" src=\"https:\/\/www.amsc.es\/wp-content\/uploads\/2020\/09\/alta-moran\u0303a-productosMesa-de-trabajo-2-100.jpg\" alt=\"\" \/>\n\t\t<\/div>\n\t\t<div class=\"qode-info-card-text-holder\" style=\"background-color:#fff\">\n\t\t\t\t\t<h2 class=\"qode-info-card-title\" >\n\t\t\t\tLeche y l\u00e1cteos\t\t\t<\/h2>\n\t\t\t\t\t\t\t<p class=\"qode-info-card-text\" >\n\t\t\t\tLeche por encima de los est\u00e1ndares de calidad, postres l\u00e1cteos (yogur y arroz con leche) \u00fanicos fabricados con leche de vaca y oveja, y quesos exquisitos de todas las variedades.\t\t\t<\/p>\n\t\t\t<\/div>\n\t\t\t<div class=\"qode-info-card-link-holder\">\n\t\t\t<a itemprop=\"url\" class=\"qode-qbutton-main-color qode-qbutton-full-width qode-qbutton-square\" href=\"https:\/\/www.amsc.es\/index.php\/leche_lacteos\/\" target=\"_self\" ><span>M\u00e1s informaci\u00f3n<\/span><\/a>\n\t\t<\/div>\n\t<\/div>[vc_empty_space height=\u00bb36px\u00bb][\/vc_column_inner][vc_column_inner offset=\u00bbvc_col-lg-4 vc_col-md-4&#8243;]<div class=\"qode-info-card\">\n\t\t\t<div class=\"qode-info-card-image\" style=\"background-color:#fff\">\n\t\t\t<img decoding=\"async\" src=\"https:\/\/www.amsc.es\/wp-content\/uploads\/2020\/09\/tienda2-alta-moran\u0303aMesa-de-trabajo-2-100.jpg\" alt=\"\" \/>\n\t\t<\/div>\n\t\t<div class=\"qode-info-card-text-holder\" style=\"background-color:#fff\">\n\t\t\t\t\t<h2 class=\"qode-info-card-title\" >\n\t\t\t\tNuestra tienda\t\t\t<\/h2>\n\t\t\t\t\t\t\t<p class=\"qode-info-card-text\" >\n\t\t\t\tSituada en pleno centro de \u00c1vila, ofrecemos a nuestros clientes la venta de productos propios, de otras cooperativas, delicatessen y degustaci\u00f3n, en un ambiente tranquilo y acogedor.\t\t\t<\/p>\n\t\t\t<\/div>\n\t\t\t<div class=\"qode-info-card-link-holder\">\n\t\t\t<a itemprop=\"url\" class=\"qode-qbutton-main-color qode-qbutton-full-width qode-qbutton-square\" href=\"https:\/\/www.amsc.es\/index.php\/tienda\/\" target=\"_self\" ><span>M\u00e1s informaci\u00f3n<\/span><\/a>\n\t\t<\/div>\n\t<\/div>[vc_empty_space height=\u00bb36px\u00bb][\/vc_column_inner][\/vc_row_inner][\/vc_column][\/vc_row][vc_row css_animation=\u00bb\u00bb row_type=\u00bbrow\u00bb use_row_as_full_screen_section=\u00bbno\u00bb type=\u00bbfull_width\u00bb angled_section=\u00bbno\u00bb text_align=\u00bbleft\u00bb background_image_as_pattern=\u00bbwithout_pattern\u00bb z_index=\u00bb\u00bb][vc_column][vc_single_image image=\u00bb263&#8243; img_size=\u00bbfull\u00bb alignment=\u00bbcenter\u00bb qode_css_animation=\u00bb\u00bb][\/vc_column][\/vc_row][vc_row css_animation=\u00bb\u00bb row_type=\u00bbrow\u00bb use_row_as_full_screen_section=\u00bbno\u00bb type=\u00bbgrid\u00bb angled_section=\u00bbno\u00bb text_align=\u00bbleft\u00bb background_image_as_pattern=\u00bbwithout_pattern\u00bb z_index=\u00bb\u00bb css=\u00bb.vc_custom_1516791448209{padding-bottom: 115px !important;}\u00bb][vc_column css=\u00bb.vc_custom_1599724874905{margin-top: -100px !important;}\u00bb offset=\u00bbvc_col-lg-7 vc_col-md-7&#8243;][qode_elements_holder number_of_columns=\u00bbtwo_columns\u00bb][qode_elements_holder_item background_color=\u00bb#ffffff\u00bb item_padding=\u00bb40px 61px 17px\u00bb advanced_animations=\u00bbno\u00bb item_padding_480=\u00bb40px 43px 17px\u00bb][vc_column_text]<\/p>\n<h3>Actualmente,\u00a0<strong>Alta Mora\u00f1a<\/strong>\u00a0es\u00a0<strong>la mayor f\u00e1brica de piensos<\/strong>\u00a0de la provincia, con una producci\u00f3n cercana a los 90 millones de Kg. al a\u00f1o para todas las especies.<\/h3>\n<p>[\/vc_column_text][vc_empty_space height=\u00bb34px\u00bb][\/qode_elements_holder_item][\/qode_elements_holder][\/vc_column][\/vc_row]<\/p>\n<\/div>","protected":false},"excerpt":{"rendered":"<p>[vc_row css_animation=\u00bb\u00bb row_type=\u00bbrow\u00bb use_row_as_full_screen_section=\u00bbno\u00bb type=\u00bbfull_width\u00bb angled_section=\u00bbno\u00bb text_align=\u00bbleft\u00bb background_image_as_pattern=\u00bbwithout_pattern\u00bb][vc_column width=\u00bb3\/12&#8243;][\/vc_column][vc_column width=\u00bb6\/12&#8243; css=\u00bb.vc_custom_1599645645974{background-color: #ffffff !important;}\u00bb][vc_column_text css=\u00bb.vc_custom_1599645845683{margin-top: -80px !important;}\u00bb][\/vc_column_text][vc_column_text css=\u00bb.vc_custom_1599809332566{padding-right: 20px !important;padding-left: 20px !important;}\u00bb] Alta Mora\u00f1a Sociedad Cooperativa Somos la mayor Cooperativa de la provincia de \u00c1vila y referencia como fabricante y distribuidor de piensos y productos l\u00e1cteos&#8230;<\/p>\n","protected":false},"author":1,"featured_media":0,"parent":0,"menu_order":0,"comment_status":"closed","ping_status":"closed","template":"full_width.php","meta":{"footnotes":""},"class_list":["post-7","page","type-page","status-publish","hentry"],"yoast_head":"<!-- This site is optimized with the Yoast SEO plugin v27.4 - https:\/\/yoast.com\/product\/yoast-seo-wordpress\/ -->\n<title>Alta Mora\u00f1a Sociedad Cooperativa - \u00c1vila<\/title>\n<meta name=\"description\" content=\"La mayor cooperativa de la provincia de \u00c1vila y referencia como fabricante y distribuidor de piensos y productos l\u00e1cteos.\" \/>\n<meta name=\"robots\" content=\"index, follow, max-snippet:-1, max-image-preview:large, max-video-preview:-1\" \/>\n<link rel=\"canonical\" href=\"https:\/\/www.amsc.es\/\" \/>\n<meta property=\"og:locale\" content=\"es_ES\" \/>\n<meta property=\"og:type\" content=\"article\" \/>\n<meta property=\"og:title\" content=\"Alta Mora\u00f1a Sociedad Cooperativa - \u00c1vila\" \/>\n<meta property=\"og:description\" content=\"La mayor cooperativa de la provincia de \u00c1vila y referencia como fabricante y distribuidor de piensos y productos l\u00e1cteos.\" \/>\n<meta property=\"og:url\" content=\"https:\/\/www.amsc.es\/\" \/>\n<meta property=\"og:site_name\" content=\"Alta Mora\u00f1a Sociedad Cooperativa\" \/>\n<meta property=\"article:modified_time\" content=\"2025-06-10T17:25:25+00:00\" \/>\n<meta property=\"og:image\" content=\"https:\/\/www.amsc.es\/wp-content\/uploads\/2018\/05\/Logo-AM.jpg\" \/>\n\t<meta property=\"og:image:width\" content=\"300\" \/>\n\t<meta property=\"og:image:height\" content=\"132\" \/>\n\t<meta property=\"og:image:type\" content=\"image\/jpeg\" \/>\n<meta name=\"twitter:card\" content=\"summary_large_image\" \/>\n<meta name=\"twitter:label1\" content=\"Tiempo de lectura\" \/>\n\t<meta name=\"twitter:data1\" content=\"3 minutos\" \/>\n<script type=\"application\/ld+json\" class=\"yoast-schema-graph\">{\"@context\":\"https:\\\/\\\/schema.org\",\"@graph\":[{\"@type\":\"WebPage\",\"@id\":\"https:\\\/\\\/www.amsc.es\\\/\",\"url\":\"https:\\\/\\\/www.amsc.es\\\/\",\"name\":\"Alta Mora\u00f1a Sociedad Cooperativa - \u00c1vila\",\"isPartOf\":{\"@id\":\"https:\\\/\\\/www.amsc.es\\\/#website\"},\"primaryImageOfPage\":{\"@id\":\"https:\\\/\\\/www.amsc.es\\\/#primaryimage\"},\"image\":{\"@id\":\"https:\\\/\\\/www.amsc.es\\\/#primaryimage\"},\"thumbnailUrl\":\"https:\\\/\\\/www.amsc.es\\\/wp-content\\\/uploads\\\/2018\\\/05\\\/Logo-AM-300x132.jpg\",\"datePublished\":\"2018-01-19T09:42:11+00:00\",\"dateModified\":\"2025-06-10T17:25:25+00:00\",\"description\":\"La mayor cooperativa de la provincia de \u00c1vila y referencia como fabricante y distribuidor de piensos y productos l\u00e1cteos.\",\"breadcrumb\":{\"@id\":\"https:\\\/\\\/www.amsc.es\\\/#breadcrumb\"},\"inLanguage\":\"es\",\"potentialAction\":[{\"@type\":\"ReadAction\",\"target\":[\"https:\\\/\\\/www.amsc.es\\\/\"]}]},{\"@type\":\"ImageObject\",\"inLanguage\":\"es\",\"@id\":\"https:\\\/\\\/www.amsc.es\\\/#primaryimage\",\"url\":\"https:\\\/\\\/www.amsc.es\\\/wp-content\\\/uploads\\\/2018\\\/05\\\/Logo-AM.jpg\",\"contentUrl\":\"https:\\\/\\\/www.amsc.es\\\/wp-content\\\/uploads\\\/2018\\\/05\\\/Logo-AM.jpg\",\"width\":300,\"height\":132},{\"@type\":\"BreadcrumbList\",\"@id\":\"https:\\\/\\\/www.amsc.es\\\/#breadcrumb\",\"itemListElement\":[{\"@type\":\"ListItem\",\"position\":1,\"name\":\"Portada\",\"item\":\"https:\\\/\\\/www.amsc.es\\\/\"},{\"@type\":\"ListItem\",\"position\":2,\"name\":\"Inicio\"}]},{\"@type\":\"WebSite\",\"@id\":\"https:\\\/\\\/www.amsc.es\\\/#website\",\"url\":\"https:\\\/\\\/www.amsc.es\\\/\",\"name\":\"Alta Mora\u00f1a Sociedad Cooperativa\",\"description\":\"La mayor Cooperativa de la provincia de \u00c1vila y referencia como fabricante y distribuidor de piensos y productos l\u00e1cteos.\",\"potentialAction\":[{\"@type\":\"SearchAction\",\"target\":{\"@type\":\"EntryPoint\",\"urlTemplate\":\"https:\\\/\\\/www.amsc.es\\\/?s={search_term_string}\"},\"query-input\":{\"@type\":\"PropertyValueSpecification\",\"valueRequired\":true,\"valueName\":\"search_term_string\"}}],\"inLanguage\":\"es\"}]}<\/script>\n<!-- \/ Yoast SEO plugin. -->","yoast_head_json":{"title":"Alta Mora\u00f1a Sociedad Cooperativa - \u00c1vila","description":"La mayor cooperativa de la provincia de \u00c1vila y referencia como fabricante y distribuidor de piensos y productos l\u00e1cteos.","robots":{"index":"index","follow":"follow","max-snippet":"max-snippet:-1","max-image-preview":"max-image-preview:large","max-video-preview":"max-video-preview:-1"},"canonical":"https:\/\/www.amsc.es\/","og_locale":"es_ES","og_type":"article","og_title":"Alta Mora\u00f1a Sociedad Cooperativa - \u00c1vila","og_description":"La mayor cooperativa de la provincia de \u00c1vila y referencia como fabricante y distribuidor de piensos y productos l\u00e1cteos.","og_url":"https:\/\/www.amsc.es\/","og_site_name":"Alta Mora\u00f1a Sociedad Cooperativa","article_modified_time":"2025-06-10T17:25:25+00:00","og_image":[{"width":300,"height":132,"url":"https:\/\/www.amsc.es\/wp-content\/uploads\/2018\/05\/Logo-AM.jpg","type":"image\/jpeg"}],"twitter_card":"summary_large_image","twitter_misc":{"Tiempo de lectura":"3 minutos"},"schema":{"@context":"https:\/\/schema.org","@graph":[{"@type":"WebPage","@id":"https:\/\/www.amsc.es\/","url":"https:\/\/www.amsc.es\/","name":"Alta Mora\u00f1a Sociedad Cooperativa - \u00c1vila","isPartOf":{"@id":"https:\/\/www.amsc.es\/#website"},"primaryImageOfPage":{"@id":"https:\/\/www.amsc.es\/#primaryimage"},"image":{"@id":"https:\/\/www.amsc.es\/#primaryimage"},"thumbnailUrl":"https:\/\/www.amsc.es\/wp-content\/uploads\/2018\/05\/Logo-AM-300x132.jpg","datePublished":"2018-01-19T09:42:11+00:00","dateModified":"2025-06-10T17:25:25+00:00","description":"La mayor cooperativa de la provincia de \u00c1vila y referencia como fabricante y distribuidor de piensos y productos l\u00e1cteos.","breadcrumb":{"@id":"https:\/\/www.amsc.es\/#breadcrumb"},"inLanguage":"es","potentialAction":[{"@type":"ReadAction","target":["https:\/\/www.amsc.es\/"]}]},{"@type":"ImageObject","inLanguage":"es","@id":"https:\/\/www.amsc.es\/#primaryimage","url":"https:\/\/www.amsc.es\/wp-content\/uploads\/2018\/05\/Logo-AM.jpg","contentUrl":"https:\/\/www.amsc.es\/wp-content\/uploads\/2018\/05\/Logo-AM.jpg","width":300,"height":132},{"@type":"BreadcrumbList","@id":"https:\/\/www.amsc.es\/#breadcrumb","itemListElement":[{"@type":"ListItem","position":1,"name":"Portada","item":"https:\/\/www.amsc.es\/"},{"@type":"ListItem","position":2,"name":"Inicio"}]},{"@type":"WebSite","@id":"https:\/\/www.amsc.es\/#website","url":"https:\/\/www.amsc.es\/","name":"Alta Mora\u00f1a Sociedad Cooperativa","description":"La mayor Cooperativa de la provincia de \u00c1vila y referencia como fabricante y distribuidor de piensos y productos l\u00e1cteos.","potentialAction":[{"@type":"SearchAction","target":{"@type":"EntryPoint","urlTemplate":"https:\/\/www.amsc.es\/?s={search_term_string}"},"query-input":{"@type":"PropertyValueSpecification","valueRequired":true,"valueName":"search_term_string"}}],"inLanguage":"es"}]}},"_links":{"self":[{"href":"https:\/\/www.amsc.es\/index.php\/wp-json\/wp\/v2\/pages\/7","targetHints":{"allow":["GET"]}}],"collection":[{"href":"https:\/\/www.amsc.es\/index.php\/wp-json\/wp\/v2\/pages"}],"about":[{"href":"https:\/\/www.amsc.es\/index.php\/wp-json\/wp\/v2\/types\/page"}],"author":[{"embeddable":true,"href":"https:\/\/www.amsc.es\/index.php\/wp-json\/wp\/v2\/users\/1"}],"replies":[{"embeddable":true,"href":"https:\/\/www.amsc.es\/index.php\/wp-json\/wp\/v2\/comments?post=7"}],"version-history":[{"count":85,"href":"https:\/\/www.amsc.es\/index.php\/wp-json\/wp\/v2\/pages\/7\/revisions"}],"predecessor-version":[{"id":820,"href":"https:\/\/www.amsc.es\/index.php\/wp-json\/wp\/v2\/pages\/7\/revisions\/820"}],"wp:attachment":[{"href":"https:\/\/www.amsc.es\/index.php\/wp-json\/wp\/v2\/media?parent=7"}],"curies":[{"name":"wp","href":"https:\/\/api.w.org\/{rel}","templated":true}]}}