{"id":534,"date":"2018-06-14T15:50:57","date_gmt":"2018-06-14T15:50:57","guid":{"rendered":"https:\/\/www.amsc.es\/?page_id=534"},"modified":"2018-06-14T16:13:14","modified_gmt":"2018-06-14T16:13:14","slug":"valores","status":"publish","type":"page","link":"https:\/\/www.amsc.es\/index.php\/valores\/","title":{"rendered":"Valores"},"content":{"rendered":"<div class=\"wpb-content-wrapper\"><p>[vc_row css_animation=\u00bb\u00bb row_type=\u00bbrow\u00bb use_row_as_full_screen_section=\u00bbno\u00bb type=\u00bbfull_width\u00bb angled_section=\u00bbno\u00bb text_align=\u00bbleft\u00bb background_image_as_pattern=\u00bbwithout_pattern\u00bb z_index=\u00bb\u00bb][vc_column][vc_single_image image=\u00bb544&#8243; img_size=\u00bb1600&#215;500&#8243; alignment=\u00bbcenter\u00bb qode_css_animation=\u00bb\u00bb][\/vc_column][\/vc_row][vc_row css_animation=\u00bb\u00bb row_type=\u00bbrow\u00bb use_row_as_full_screen_section=\u00bbno\u00bb type=\u00bbgrid\u00bb angled_section=\u00bbno\u00bb text_align=\u00bbcenter\u00bb background_image_as_pattern=\u00bbwithout_pattern\u00bb z_index=\u00bb\u00bb][vc_column offset=\u00bbvc_col-lg-offset-2 vc_col-lg-8&#8243; css=\u00bb.vc_custom_1516710684527{margin-top: -134px !important;}\u00bb][qode_elements_holder number_of_columns=\u00bbone_column\u00bb][qode_elements_holder_item background_color=\u00bb#ffffff\u00bb item_padding=\u00bb42px 88px 59px 88px\u00bb advanced_animations=\u00bbno\u00bb item_padding_1280_1440=\u00bb42px 66px 59px 66px\u00bb item_padding_480=\u00bb71px 20px 59px 23px\u00bb][vc_column_text]<\/p>\n<h1>Valores<\/h1>\n<p>[\/vc_column_text][vc_column_text]<\/p>\n<h5>El objeto social de Alta Mora\u00f1a, Sociedad Cooperativa es la realizaci\u00f3n de las actividades y operaciones encaminadas al mejor aprovechamiento de las explotaciones de sus socios y a la mejora del nivel de renta y de la calidad de vida de la poblaci\u00f3n agraria y al desarrollo del medio rural, as\u00ed como atender cualquier otro fin o servicio que sea propio de la actividad agr\u00edcola, ganadera o forestal, o est\u00e9 directamente o indirectamente relacionado con ellos.<\/h5>\n<p>[\/vc_column_text][\/qode_elements_holder_item][\/qode_elements_holder][\/vc_column][\/vc_row][vc_row css_animation=\u00bb\u00bb row_type=\u00bbrow\u00bb use_row_as_full_screen_section=\u00bbno\u00bb type=\u00bbfull_width\u00bb angled_section=\u00bbno\u00bb text_align=\u00bbleft\u00bb background_image_as_pattern=\u00bbwithout_pattern\u00bb z_index=\u00bb\u00bb][vc_column][vc_row_inner row_type=\u00bbrow\u00bb type=\u00bbgrid\u00bb text_align=\u00bbleft\u00bb css_animation=\u00bb\u00bb css=\u00bb.vc_custom_1516630400589{padding-top: 88px !important;padding-bottom: 163px !important;}\u00bb][vc_column_inner width=\u00bb1\/2&#8243; offset=\u00bbvc_col-lg-6 vc_col-md-6&#8243; css=\u00bb.vc_custom_1526975446984{padding-right: 75px !important;}\u00bb][vc_empty_space height=\u00bb22px\u00bb][vc_column_text]La direcci\u00f3n de la Sociedad Cooperativa Alta Mora\u00f1a, con el consenso del Consejo Rector de la cooperativa, ha establecido la siguiente Pol\u00edtica de Calidad:<\/p>\n<p>&nbsp;<\/p>\n<p>El Sistema de Calidad tiene como finalidad la satisfacci\u00f3n de las necesidades de los clientes, internos y externos, de la empresa gracias al cumplimiento de los requisitos establecidos.<\/p>\n<p>El Sistema de la Calidad plantea como compromisos:[\/vc_column_text][vc_empty_space height=\u00bb42px\u00bb][vc_column_text]<\/p>\n<ul>\n<li>Aseguramiento de la Calidad de las diferentes fases y procesos de producci\u00f3n, as\u00ed como de los productos y servicios suministrados.<\/li>\n<\/ul>\n<p>&nbsp;<\/p>\n<ul>\n<li>Cumplimiento de los requisitos ofertados a nuestros clientes, consolidando su confianza en nosotros, as\u00ed como el cumplimiento de los requisitos legales y reglamentarios.<\/li>\n<\/ul>\n<p>&nbsp;<\/p>\n<ul>\n<li>Gesti\u00f3n y control eficaz de la producci\u00f3n de piensos, productos l\u00e1cteos y servicios.<\/li>\n<\/ul>\n<p>&nbsp;<\/p>\n<ul>\n<li>Mejora continua de los procesos y, por lo tanto, de la eficacia del Sistema de\u00a0Calidad.<\/li>\n<\/ul>\n<p>&nbsp;<\/p>\n<ul>\n<li>Asignaci\u00f3n eficaz de funciones y responsabilidades.<\/li>\n<\/ul>\n<p>&nbsp;<\/p>\n<ul>\n<li>Concienciaci\u00f3n y motivaci\u00f3n del personal de la Cooperativa, sobre la importancia de la implantaci\u00f3n y desarrollo de un Sistema de la Calidad.<\/li>\n<\/ul>\n<p>[\/vc_column_text][\/vc_column_inner][vc_column_inner width=\u00bb1\/2&#8243;][vc_empty_space height=\u00bb22px\u00bb][vc_column_text]Aseguramiento de que todas las personas que influyen en la calidad conocen la pol\u00edtica en todos los niveles de la organizaci\u00f3n y la distribuci\u00f3n de los documentos que son de aplicaci\u00f3n a cada nivel en los distintos puestos de trabajo.<\/p>\n<p>&nbsp;<\/p>\n<p>La Cooperativa adopta un sistema de calidad basado en procedimientos, para conseguir el funcionamiento eficaz de su organizaci\u00f3n y, con ello, el aumento de la satisfacci\u00f3n del cliente mediante el cumplimiento de sus requisitos.<\/p>\n<p>&nbsp;<\/p>\n<p>Resulta fundamental el ensamblaje correcto de cada proceso de producci\u00f3n y su paso por distintos departamentos.<\/p>\n<p>&nbsp;<\/p>\n<p>La clave del \u00e9xito en la gesti\u00f3n entendemos que se encuentra en la ausencia de incidencias tanto en los productos como en el servicio, y que el cliente obtenga la m\u00e1xima satisfacci\u00f3n en ambos aspectos.<\/p>\n<p><img loading=\"lazy\" decoding=\"async\" class=\"alignnone size-medium wp-image-238\" src=\"https:\/\/www.amsc.es\/wp-content\/uploads\/2018\/05\/Logo-Transparente-AM-300x132.png\" alt=\"\" width=\"300\" height=\"132\" srcset=\"https:\/\/www.amsc.es\/wp-content\/uploads\/2018\/05\/Logo-Transparente-AM-300x132.png 300w, https:\/\/www.amsc.es\/wp-content\/uploads\/2018\/05\/Logo-Transparente-AM-768x338.png 768w, https:\/\/www.amsc.es\/wp-content\/uploads\/2018\/05\/Logo-Transparente-AM-1024x451.png 1024w, https:\/\/www.amsc.es\/wp-content\/uploads\/2018\/05\/Logo-Transparente-AM-700x308.png 700w, https:\/\/www.amsc.es\/wp-content\/uploads\/2018\/05\/Logo-Transparente-AM.png 1609w\" sizes=\"auto, (max-width: 300px) 100vw, 300px\" \/>[\/vc_column_text][\/vc_column_inner][\/vc_row_inner][vc_single_image image=\u00bb542&#8243; img_size=\u00bb1600&#215;400&#8243; alignment=\u00bbcenter\u00bb style=\u00bbvc_box_shadow_border\u00bb qode_css_animation=\u00bb\u00bb][\/vc_column][\/vc_row]<\/p>\n<\/div>","protected":false},"excerpt":{"rendered":"<p>[vc_row css_animation=\u00bb\u00bb row_type=\u00bbrow\u00bb use_row_as_full_screen_section=\u00bbno\u00bb type=\u00bbfull_width\u00bb angled_section=\u00bbno\u00bb text_align=\u00bbleft\u00bb background_image_as_pattern=\u00bbwithout_pattern\u00bb z_index=\u00bb\u00bb][vc_column][vc_single_image image=\u00bb544&#8243; img_size=\u00bb1600&#215;500&#8243; alignment=\u00bbcenter\u00bb qode_css_animation=\u00bb\u00bb][\/vc_column][\/vc_row][vc_row css_animation=\u00bb\u00bb row_type=\u00bbrow\u00bb use_row_as_full_screen_section=\u00bbno\u00bb type=\u00bbgrid\u00bb angled_section=\u00bbno\u00bb text_align=\u00bbcenter\u00bb background_image_as_pattern=\u00bbwithout_pattern\u00bb z_index=\u00bb\u00bb][vc_column offset=\u00bbvc_col-lg-offset-2 vc_col-lg-8&#8243; css=\u00bb.vc_custom_1516710684527{margin-top: -134px !important;}\u00bb][qode_elements_holder number_of_columns=\u00bbone_column\u00bb][qode_elements_holder_item background_color=\u00bb#ffffff\u00bb item_padding=\u00bb42px 88px 59px 88px\u00bb advanced_animations=\u00bbno\u00bb item_padding_1280_1440=\u00bb42px 66px 59px 66px\u00bb item_padding_480=\u00bb71px 20px 59px 23px\u00bb][vc_column_text] Valores [\/vc_column_text][vc_column_text] El objeto&#8230;<\/p>\n","protected":false},"author":1,"featured_media":0,"parent":0,"menu_order":0,"comment_status":"closed","ping_status":"closed","template":"full_width.php","meta":{"footnotes":""},"class_list":["post-534","page","type-page","status-publish","hentry"],"yoast_head":"<!-- This site is optimized with the Yoast SEO plugin v27.4 - https:\/\/yoast.com\/product\/yoast-seo-wordpress\/ -->\n<title>Alta Mora\u00f1a Sociedad Cooperativa - Nuestros piensos<\/title>\n<meta name=\"description\" content=\"Amplia gama de piensos para todas las especies, en particular de vacuno de leche y carne con piensos para todas las necesidades y asesoramiento personalizado en nutrici\u00f3n.\" \/>\n<meta name=\"robots\" content=\"index, follow, max-snippet:-1, max-image-preview:large, max-video-preview:-1\" \/>\n<link rel=\"canonical\" href=\"https:\/\/www.amsc.es\/index.php\/valores\/\" \/>\n<meta property=\"og:locale\" content=\"es_ES\" \/>\n<meta property=\"og:type\" content=\"article\" \/>\n<meta property=\"og:title\" content=\"Alta Mora\u00f1a Sociedad Cooperativa - Nuestros piensos\" \/>\n<meta property=\"og:description\" content=\"Amplia gama de piensos para todas las especies, en particular de vacuno de leche y carne con piensos para todas las necesidades y asesoramiento personalizado en nutrici\u00f3n.\" \/>\n<meta property=\"og:url\" content=\"https:\/\/www.amsc.es\/index.php\/valores\/\" \/>\n<meta property=\"og:site_name\" content=\"Alta Mora\u00f1a Sociedad Cooperativa\" \/>\n<meta property=\"article:modified_time\" content=\"2018-06-14T16:13:14+00:00\" \/>\n<meta property=\"og:image\" content=\"https:\/\/www.amsc.es\/wp-content\/uploads\/2018\/05\/Logo-Transparente-AM-300x132.png\" \/>\n<meta name=\"twitter:card\" content=\"summary_large_image\" \/>\n<meta name=\"twitter:label1\" content=\"Tiempo de lectura\" \/>\n\t<meta name=\"twitter:data1\" content=\"3 minutos\" \/>\n<script type=\"application\/ld+json\" class=\"yoast-schema-graph\">{\"@context\":\"https:\\\/\\\/schema.org\",\"@graph\":[{\"@type\":\"WebPage\",\"@id\":\"https:\\\/\\\/www.amsc.es\\\/index.php\\\/valores\\\/\",\"url\":\"https:\\\/\\\/www.amsc.es\\\/index.php\\\/valores\\\/\",\"name\":\"Alta Mora\u00f1a Sociedad Cooperativa - Nuestros piensos\",\"isPartOf\":{\"@id\":\"https:\\\/\\\/www.amsc.es\\\/#website\"},\"primaryImageOfPage\":{\"@id\":\"https:\\\/\\\/www.amsc.es\\\/index.php\\\/valores\\\/#primaryimage\"},\"image\":{\"@id\":\"https:\\\/\\\/www.amsc.es\\\/index.php\\\/valores\\\/#primaryimage\"},\"thumbnailUrl\":\"https:\\\/\\\/www.amsc.es\\\/wp-content\\\/uploads\\\/2018\\\/05\\\/Logo-Transparente-AM-300x132.png\",\"datePublished\":\"2018-06-14T15:50:57+00:00\",\"dateModified\":\"2018-06-14T16:13:14+00:00\",\"description\":\"Amplia gama de piensos para todas las especies, en particular de vacuno de leche y carne con piensos para todas las necesidades y asesoramiento personalizado en nutrici\u00f3n.\",\"breadcrumb\":{\"@id\":\"https:\\\/\\\/www.amsc.es\\\/index.php\\\/valores\\\/#breadcrumb\"},\"inLanguage\":\"es\",\"potentialAction\":[{\"@type\":\"ReadAction\",\"target\":[\"https:\\\/\\\/www.amsc.es\\\/index.php\\\/valores\\\/\"]}]},{\"@type\":\"ImageObject\",\"inLanguage\":\"es\",\"@id\":\"https:\\\/\\\/www.amsc.es\\\/index.php\\\/valores\\\/#primaryimage\",\"url\":\"https:\\\/\\\/www.amsc.es\\\/wp-content\\\/uploads\\\/2018\\\/05\\\/Logo-Transparente-AM.png\",\"contentUrl\":\"https:\\\/\\\/www.amsc.es\\\/wp-content\\\/uploads\\\/2018\\\/05\\\/Logo-Transparente-AM.png\",\"width\":1609,\"height\":709},{\"@type\":\"BreadcrumbList\",\"@id\":\"https:\\\/\\\/www.amsc.es\\\/index.php\\\/valores\\\/#breadcrumb\",\"itemListElement\":[{\"@type\":\"ListItem\",\"position\":1,\"name\":\"Portada\",\"item\":\"https:\\\/\\\/www.amsc.es\\\/\"},{\"@type\":\"ListItem\",\"position\":2,\"name\":\"Valores\"}]},{\"@type\":\"WebSite\",\"@id\":\"https:\\\/\\\/www.amsc.es\\\/#website\",\"url\":\"https:\\\/\\\/www.amsc.es\\\/\",\"name\":\"Alta Mora\u00f1a Sociedad Cooperativa\",\"description\":\"La mayor Cooperativa de la provincia de \u00c1vila y referencia como fabricante y distribuidor de piensos y productos l\u00e1cteos.\",\"potentialAction\":[{\"@type\":\"SearchAction\",\"target\":{\"@type\":\"EntryPoint\",\"urlTemplate\":\"https:\\\/\\\/www.amsc.es\\\/?s={search_term_string}\"},\"query-input\":{\"@type\":\"PropertyValueSpecification\",\"valueRequired\":true,\"valueName\":\"search_term_string\"}}],\"inLanguage\":\"es\"}]}<\/script>\n<!-- \/ Yoast SEO plugin. -->","yoast_head_json":{"title":"Alta Mora\u00f1a Sociedad Cooperativa - Nuestros piensos","description":"Amplia gama de piensos para todas las especies, en particular de vacuno de leche y carne con piensos para todas las necesidades y asesoramiento personalizado en nutrici\u00f3n.","robots":{"index":"index","follow":"follow","max-snippet":"max-snippet:-1","max-image-preview":"max-image-preview:large","max-video-preview":"max-video-preview:-1"},"canonical":"https:\/\/www.amsc.es\/index.php\/valores\/","og_locale":"es_ES","og_type":"article","og_title":"Alta Mora\u00f1a Sociedad Cooperativa - Nuestros piensos","og_description":"Amplia gama de piensos para todas las especies, en particular de vacuno de leche y carne con piensos para todas las necesidades y asesoramiento personalizado en nutrici\u00f3n.","og_url":"https:\/\/www.amsc.es\/index.php\/valores\/","og_site_name":"Alta Mora\u00f1a Sociedad Cooperativa","article_modified_time":"2018-06-14T16:13:14+00:00","og_image":[{"url":"https:\/\/www.amsc.es\/wp-content\/uploads\/2018\/05\/Logo-Transparente-AM-300x132.png","type":"","width":"","height":""}],"twitter_card":"summary_large_image","twitter_misc":{"Tiempo de lectura":"3 minutos"},"schema":{"@context":"https:\/\/schema.org","@graph":[{"@type":"WebPage","@id":"https:\/\/www.amsc.es\/index.php\/valores\/","url":"https:\/\/www.amsc.es\/index.php\/valores\/","name":"Alta Mora\u00f1a Sociedad Cooperativa - Nuestros piensos","isPartOf":{"@id":"https:\/\/www.amsc.es\/#website"},"primaryImageOfPage":{"@id":"https:\/\/www.amsc.es\/index.php\/valores\/#primaryimage"},"image":{"@id":"https:\/\/www.amsc.es\/index.php\/valores\/#primaryimage"},"thumbnailUrl":"https:\/\/www.amsc.es\/wp-content\/uploads\/2018\/05\/Logo-Transparente-AM-300x132.png","datePublished":"2018-06-14T15:50:57+00:00","dateModified":"2018-06-14T16:13:14+00:00","description":"Amplia gama de piensos para todas las especies, en particular de vacuno de leche y carne con piensos para todas las necesidades y asesoramiento personalizado en nutrici\u00f3n.","breadcrumb":{"@id":"https:\/\/www.amsc.es\/index.php\/valores\/#breadcrumb"},"inLanguage":"es","potentialAction":[{"@type":"ReadAction","target":["https:\/\/www.amsc.es\/index.php\/valores\/"]}]},{"@type":"ImageObject","inLanguage":"es","@id":"https:\/\/www.amsc.es\/index.php\/valores\/#primaryimage","url":"https:\/\/www.amsc.es\/wp-content\/uploads\/2018\/05\/Logo-Transparente-AM.png","contentUrl":"https:\/\/www.amsc.es\/wp-content\/uploads\/2018\/05\/Logo-Transparente-AM.png","width":1609,"height":709},{"@type":"BreadcrumbList","@id":"https:\/\/www.amsc.es\/index.php\/valores\/#breadcrumb","itemListElement":[{"@type":"ListItem","position":1,"name":"Portada","item":"https:\/\/www.amsc.es\/"},{"@type":"ListItem","position":2,"name":"Valores"}]},{"@type":"WebSite","@id":"https:\/\/www.amsc.es\/#website","url":"https:\/\/www.amsc.es\/","name":"Alta Mora\u00f1a Sociedad Cooperativa","description":"La mayor Cooperativa de la provincia de \u00c1vila y referencia como fabricante y distribuidor de piensos y productos l\u00e1cteos.","potentialAction":[{"@type":"SearchAction","target":{"@type":"EntryPoint","urlTemplate":"https:\/\/www.amsc.es\/?s={search_term_string}"},"query-input":{"@type":"PropertyValueSpecification","valueRequired":true,"valueName":"search_term_string"}}],"inLanguage":"es"}]}},"_links":{"self":[{"href":"https:\/\/www.amsc.es\/index.php\/wp-json\/wp\/v2\/pages\/534","targetHints":{"allow":["GET"]}}],"collection":[{"href":"https:\/\/www.amsc.es\/index.php\/wp-json\/wp\/v2\/pages"}],"about":[{"href":"https:\/\/www.amsc.es\/index.php\/wp-json\/wp\/v2\/types\/page"}],"author":[{"embeddable":true,"href":"https:\/\/www.amsc.es\/index.php\/wp-json\/wp\/v2\/users\/1"}],"replies":[{"embeddable":true,"href":"https:\/\/www.amsc.es\/index.php\/wp-json\/wp\/v2\/comments?post=534"}],"version-history":[{"count":10,"href":"https:\/\/www.amsc.es\/index.php\/wp-json\/wp\/v2\/pages\/534\/revisions"}],"predecessor-version":[{"id":548,"href":"https:\/\/www.amsc.es\/index.php\/wp-json\/wp\/v2\/pages\/534\/revisions\/548"}],"wp:attachment":[{"href":"https:\/\/www.amsc.es\/index.php\/wp-json\/wp\/v2\/media?parent=534"}],"curies":[{"name":"wp","href":"https:\/\/api.w.org\/{rel}","templated":true}]}}