{"id":430,"date":"2018-05-30T07:50:45","date_gmt":"2018-05-30T07:50:45","guid":{"rendered":"https:\/\/www.amsc.es\/?page_id=430"},"modified":"2025-01-14T16:45:00","modified_gmt":"2025-01-14T16:45:00","slug":"noticias","status":"publish","type":"page","link":"https:\/\/www.amsc.es\/index.php\/noticias\/","title":{"rendered":"Noticias"},"content":{"rendered":"<div class=\"wpb-content-wrapper\"><p>[vc_row css_animation=\u00bb\u00bb row_type=\u00bbrow\u00bb use_row_as_full_screen_section=\u00bbno\u00bb type=\u00bbfull_width\u00bb angled_section=\u00bbno\u00bb text_align=\u00bbleft\u00bb background_image_as_pattern=\u00bbwithout_pattern\u00bb][vc_column][vc_single_image image=\u00bb427&#8243; img_size=\u00bb1600&#215;400&#8243; alignment=\u00bbcenter\u00bb qode_css_animation=\u00bb\u00bb][\/vc_column][\/vc_row][vc_row css_animation=\u00bb\u00bb row_type=\u00bbrow\u00bb use_row_as_full_screen_section=\u00bbno\u00bb type=\u00bbgrid\u00bb angled_section=\u00bbno\u00bb text_align=\u00bbcenter\u00bb background_image_as_pattern=\u00bbwithout_pattern\u00bb z_index=\u00bb\u00bb][vc_column offset=\u00bbvc_col-lg-offset-2 vc_col-lg-8&#8243; css=\u00bb.vc_custom_1599733878738{margin-top: -30px !important;}\u00bb][qode_elements_holder number_of_columns=\u00bbone_column\u00bb][qode_elements_holder_item background_color=\u00bb#ffffff\u00bb item_padding=\u00bb42px 88px 59px 88px\u00bb advanced_animations=\u00bbno\u00bb item_padding_1280_1440=\u00bb42px 66px 59px 66px\u00bb item_padding_480=\u00bb71px 20px 59px 23px\u00bb][vc_column_text]<\/p>\n<h1>Noticias<\/h1>\n<p>[\/vc_column_text][vc_column_text]<\/p>\n<h5>Eventos de actualidad relacionados con la Cooperativa Alta Mora\u00f1a.<\/h5>\n<p>[\/vc_column_text][\/qode_elements_holder_item][\/qode_elements_holder][\/vc_column][\/vc_row][vc_row css_animation=\u00bb\u00bb row_type=\u00bbrow\u00bb use_row_as_full_screen_section=\u00bbno\u00bb type=\u00bbgrid\u00bb angled_section=\u00bbno\u00bb text_align=\u00bbleft\u00bb background_image_as_pattern=\u00bbwithout_pattern\u00bb z_index=\u00bb\u00bb css=\u00bb.vc_custom_1527667148467{padding-top: 50px !important;}\u00bb][vc_column width=\u00bb1\/2&#8243; offset=\u00bbvc_col-lg-offset-1 vc_col-lg-10&#8243;]<div class='q_masonry_blog'><div class=\"q_masonry_blog_grid_sizer\"><\/div><div class=\"q_masonry_blog_grid_gutter\"><\/div><article  class='post-1153 post type-post status-publish format-standard has-post-thumbnail hentry category-general tag-alta-morana tag-obila '><div class=\"q_masonry_blog_post_image\"><a itemprop=\"url\" href=\"https:\/\/www.amsc.es\/index.php\/2026\/03\/07\/el-obila-encara-el-tramo-final-de-la-temporada-con-la-energia-de-alta-morana\/\" target=\"_self\"><img decoding=\"async\" itemprop=\"image\" src=\"https:\/\/www.amsc.es\/wp-content\/uploads\/2026\/03\/Ob_AM.png\" \/><\/a><\/div><div class=\"q_masonry_blog_post_text\"><h5 itemprop=\"name\" class=\"q_masonry_blog_title entry_title\"><a itemprop=\"url\" href=\"https:\/\/www.amsc.es\/index.php\/2026\/03\/07\/el-obila-encara-el-tramo-final-de-la-temporada-con-la-energia-de-alta-morana\/\">El OBILA encara el tramo final de la temporada con la energ\u00eda de \u00abALTA MORA\u00d1A\u00bb<\/a><\/h5><p itemprop=\"description\" class=\"q_masonry_blog_excerpt\">La tienda de Alta Mora\u00f1a ha acogido esta semana la rueda de prensa de presentaci\u00f3n del pr\u00f3ximo partido del \u00d3bila Club de Basket, en un acto que refuerza la colaboraci\u00f3n entre la marca y el hist\u00f3rico club abulense que lucha por consolidarse en los puestos......<\/p><div class=\"q_masonry_blog_post_info\"><\/div><\/div><\/article><article  class='post-1144 post type-post status-publish format-standard has-post-thumbnail hentry category-general tag-alta-morana tag-jovenes tag-navaluenga tag-urcacyl '><div class=\"q_masonry_blog_post_image\"><a itemprop=\"url\" href=\"https:\/\/www.amsc.es\/index.php\/2026\/02\/15\/alta-morana-participa-en-las-xi-jornadas-jovenes-cooperativistas-de-castilla-y-leon\/\" target=\"_self\"><img decoding=\"async\" itemprop=\"image\" src=\"https:\/\/www.amsc.es\/wp-content\/uploads\/2026\/02\/HA-dv3kXkAAGOGk-1.jpeg\" \/><\/a><\/div><div class=\"q_masonry_blog_post_text\"><h5 itemprop=\"name\" class=\"q_masonry_blog_title entry_title\"><a itemprop=\"url\" href=\"https:\/\/www.amsc.es\/index.php\/2026\/02\/15\/alta-morana-participa-en-las-xi-jornadas-jovenes-cooperativistas-de-castilla-y-leon\/\">ALTA MORA\u00d1A participa en las XI Jornadas J\u00f3venes Cooperativistas de Castilla y Le\u00f3n<\/a><\/h5><p itemprop=\"description\" class=\"q_masonry_blog_excerpt\">Alta Mora\u00f1a ha participado en las XI Jornadas J\u00f3venes Cooperativistas de Castilla y Le\u00f3n, organizadas por URCACYL, celebradas los d\u00edas 11, 12 y 13 de febrero en el Hotel Rural Venero Claro, en Navaluenga (\u00c1vila). Un encuentro que ha reunido a 17 j\u00f3venes agricultores y......<\/p><div class=\"q_masonry_blog_post_info\"><\/div><\/div><\/article><article  class='post-1139 post type-post status-publish format-standard has-post-thumbnail hentry category-general tag-alta-morana tag-avila tag-europa-press tag-premio-pyme '><div class=\"q_masonry_blog_post_image\"><a itemprop=\"url\" href=\"https:\/\/www.amsc.es\/index.php\/2026\/02\/09\/en-alta-morana-tienen-claro-cuales-son-las-bases-sobre-las-que-se-asientan-para-el-futuro-europa-press\/\" target=\"_self\"><img decoding=\"async\" itemprop=\"image\" src=\"https:\/\/www.amsc.es\/wp-content\/uploads\/2026\/02\/2025-05-06-11-41-53-scaled.jpeg\" \/><\/a><\/div><div class=\"q_masonry_blog_post_text\"><h5 itemprop=\"name\" class=\"q_masonry_blog_title entry_title\"><a itemprop=\"url\" href=\"https:\/\/www.amsc.es\/index.php\/2026\/02\/09\/en-alta-morana-tienen-claro-cuales-son-las-bases-sobre-las-que-se-asientan-para-el-futuro-europa-press\/\">\u00abEn Alta Mora\u00f1a tienen claro cu\u00e1les son las bases sobre las que se asientan para el futuro\u00bb (Europa Press)<\/a><\/h5><p itemprop=\"description\" class=\"q_masonry_blog_excerpt\">Defender los intereses de agricultores y ganaderos de la provincia de \u00c1vila forma parte del ADN de Alta Mora\u00f1a Sociedad Cooperativa. Ese compromiso ha sido reconocido con el Premio Pyme del A\u00f1o 2025 en \u00c1vila. Desde sus inicios, a comienzos de los a\u00f1os 80, Alta......<\/p><div class=\"q_masonry_blog_post_info\"><\/div><\/div><\/article><article  class='post-1132 post type-post status-publish format-standard has-post-thumbnail hentry category-general tag-alta-morana tag-castilla-y-leon tag-la-brujula tag-onda-cero tag-radio tag-urcacyl '><div class=\"q_masonry_blog_post_image\"><a itemprop=\"url\" href=\"https:\/\/www.amsc.es\/index.php\/2026\/01\/30\/la-brujula-de-castilla-y-leon-desde-alta-morana\/\" target=\"_self\"><img decoding=\"async\" itemprop=\"image\" src=\"https:\/\/www.amsc.es\/wp-content\/uploads\/2026\/01\/6173bb5c-81e4-4d9e-b6ce-3042e2ec93ec.png\" \/><\/a><\/div><div class=\"q_masonry_blog_post_text\"><h5 itemprop=\"name\" class=\"q_masonry_blog_title entry_title\"><a itemprop=\"url\" href=\"https:\/\/www.amsc.es\/index.php\/2026\/01\/30\/la-brujula-de-castilla-y-leon-desde-alta-morana\/\">\u00abLa Br\u00fajula de Castilla y Le\u00f3n\u00bb, desde ALTA MORA\u00d1A<\/a><\/h5><p itemprop=\"description\" class=\"q_masonry_blog_excerpt\">Este 29 de enero de 2026, nuestras instalaciones acogieron la grabaci\u00f3n de un programa especial de La Br\u00fajula de Castilla y Le\u00f3n, de la red de emisoras de Onda Cero en nuestra Comunidad Aut\u00f3noma, realizado en colaboraci\u00f3n con URCACYL. Durante el programa de radio, Jos\u00e9......<\/p><div class=\"q_masonry_blog_post_info\"><\/div><\/div><\/article><article  class='post-1119 post type-post status-publish format-standard has-post-thumbnail hentry category-general tag-3x3 tag-alta-morana tag-avila tag-baloncesto tag-benefico '><div class=\"q_masonry_blog_post_image\"><a itemprop=\"url\" href=\"https:\/\/www.amsc.es\/index.php\/2025\/12\/29\/alta-morana-colabora-con-el-iii-torneo-benefico-3x3-ciudad-de-avila\/\" target=\"_self\"><img decoding=\"async\" itemprop=\"image\" src=\"https:\/\/www.amsc.es\/wp-content\/uploads\/2026\/01\/3x3-avila.jpeg\" \/><\/a><\/div><div class=\"q_masonry_blog_post_text\"><h5 itemprop=\"name\" class=\"q_masonry_blog_title entry_title\"><a itemprop=\"url\" href=\"https:\/\/www.amsc.es\/index.php\/2025\/12\/29\/alta-morana-colabora-con-el-iii-torneo-benefico-3x3-ciudad-de-avila\/\">Alta Mora\u00f1a colabora con el III Torneo Ben\u00e9fico 3&#215;3 Ciudad de \u00c1vila<\/a><\/h5><p itemprop=\"description\" class=\"q_masonry_blog_excerpt\">Una veintena de equipos participaron en el III Torneo Ben\u00e9fico de Baloncesto 3&#215;3 Ciudad de \u00c1vila, una cita que se va consolidando en el calendario deportivo y solidario abulense, celebrada en el CUM Carlos Sastre. El evento reuni\u00f3 a equipos de categor\u00eda s\u00e9nior (mayores de......<\/p><div class=\"q_masonry_blog_post_info\"><\/div><\/div><\/article><article  class='post-1123 post type-post status-publish format-standard has-post-thumbnail hentry category-general tag-73 tag-alta-morana tag-baloncesto tag-obila '><div class=\"q_masonry_blog_post_image\"><a itemprop=\"url\" href=\"https:\/\/www.amsc.es\/index.php\/2025\/12\/23\/alta-morana-junto-al-obila-club-de-basket-un-ano-mas\/\" target=\"_self\"><img decoding=\"async\" itemprop=\"image\" src=\"https:\/\/www.amsc.es\/wp-content\/uploads\/2026\/01\/alta-morana.jpeg\" \/><\/a><\/div><div class=\"q_masonry_blog_post_text\"><h5 itemprop=\"name\" class=\"q_masonry_blog_title entry_title\"><a itemprop=\"url\" href=\"https:\/\/www.amsc.es\/index.php\/2025\/12\/23\/alta-morana-junto-al-obila-club-de-basket-un-ano-mas\/\">Alta Mora\u00f1a respalda al \u00d3bila Club de Basket un a\u00f1o m\u00e1s<\/a><\/h5><p itemprop=\"description\" class=\"q_masonry_blog_excerpt\">Alta Mora\u00f1a contin\u00faa reafirmando su compromiso con el deporte abulense y, un a\u00f1o m\u00e1s, acompa\u00f1a al \u00d3bila Club de Basket como patrocinador en la temporada 2025-2026. Una colaboraci\u00f3n consolidada que refleja nuestra apuesta por iniciativas que fomentan valores como el esfuerzo, el trabajo en equipo......<\/p><div class=\"q_masonry_blog_post_info\"><\/div><\/div><\/article><article  class='post-1111 post type-post status-publish format-standard has-post-thumbnail hentry category-general tag-alta-morana tag-avila tag-cierre-de-mercados tag-pyme-del-ano tag-radio-intereconomia '><div class=\"q_masonry_blog_post_image\"><a itemprop=\"url\" href=\"https:\/\/www.amsc.es\/index.php\/2025\/12\/15\/jose-antonio-hernandez-en-radio-intereconomia-la-receta-del-exito-es-trabajar-con-seriedad-y-compromiso\/\" target=\"_self\"><img decoding=\"async\" itemprop=\"image\" src=\"https:\/\/www.amsc.es\/wp-content\/uploads\/2025\/12\/radiointerco_altamorana-1.png\" \/><\/a><\/div><div class=\"q_masonry_blog_post_text\"><h5 itemprop=\"name\" class=\"q_masonry_blog_title entry_title\"><a itemprop=\"url\" href=\"https:\/\/www.amsc.es\/index.php\/2025\/12\/15\/jose-antonio-hernandez-en-radio-intereconomia-la-receta-del-exito-es-trabajar-con-seriedad-y-compromiso\/\">Jos\u00e9 Antonio Hern\u00e1ndez, en Radio Intereconom\u00eda: \u00abLa receta del \u00e9xito es trabajar con seriedad y compromiso\u00bb<\/a><\/h5><p itemprop=\"description\" class=\"q_masonry_blog_excerpt\">El programa \u201cCierre de Mercados\u201d de Radio Intereconom\u00eda ha entrevistado a Jos\u00e9 Antonio Hern\u00e1ndez, presidente de Alta Mora\u00f1a, tras haber sido la cooperativa galardonada con el Premio PYME del A\u00f1o 2025 por su impulso al sector agrario abulense. Durante la entrevista, Hern\u00e1ndez comparte una reflexi\u00f3n......<\/p><div class=\"q_masonry_blog_post_info\"><\/div><\/div><\/article><article  class='post-1106 post type-post status-publish format-standard has-post-thumbnail hentry category-general tag-54 tag-alta-morana tag-gala tag-ovino tag-urcacyl '><div class=\"q_masonry_blog_post_image\"><a itemprop=\"url\" href=\"https:\/\/www.amsc.es\/index.php\/2025\/11\/25\/alta-morana-junto-a-urcacyl-en-la-noche-blanca-del-ovino\/\" target=\"_self\"><img decoding=\"async\" itemprop=\"image\" src=\"https:\/\/www.amsc.es\/wp-content\/uploads\/2025\/11\/Captura-de-pantalla-2025-11-25-143718.png\" \/><\/a><\/div><div class=\"q_masonry_blog_post_text\"><h5 itemprop=\"name\" class=\"q_masonry_blog_title entry_title\"><a itemprop=\"url\" href=\"https:\/\/www.amsc.es\/index.php\/2025\/11\/25\/alta-morana-junto-a-urcacyl-en-la-noche-blanca-del-ovino\/\">ALTA MORA\u00d1A junto a URCACYL en \u00abLa Noche Blanca del Ovino\u00bb<\/a><\/h5><p itemprop=\"description\" class=\"q_masonry_blog_excerpt\">Alta Mora\u00f1a ha participado como entidad colaboradora en la Gala de \u201cLa Noche Blanca del Ovino\u201d, un evento organizado por Urcacyl en el que se ha reconocido la labor de personas, entidades y profesionales vinculados al sector ovino en Castilla y Le\u00f3n. El encuentro permiti\u00f3......<\/p><div class=\"q_masonry_blog_post_info\"><\/div><\/div><\/article><\/div>[vc_empty_space height=\u00bb30px\u00bb][\/vc_column][\/vc_row]<\/p>\n<\/div>","protected":false},"excerpt":{"rendered":"<p>[vc_row css_animation=\u00bb\u00bb row_type=\u00bbrow\u00bb use_row_as_full_screen_section=\u00bbno\u00bb type=\u00bbfull_width\u00bb angled_section=\u00bbno\u00bb text_align=\u00bbleft\u00bb background_image_as_pattern=\u00bbwithout_pattern\u00bb][vc_column][vc_single_image image=\u00bb427&#8243; img_size=\u00bb1600&#215;400&#8243; alignment=\u00bbcenter\u00bb qode_css_animation=\u00bb\u00bb][\/vc_column][\/vc_row][vc_row css_animation=\u00bb\u00bb row_type=\u00bbrow\u00bb use_row_as_full_screen_section=\u00bbno\u00bb type=\u00bbgrid\u00bb angled_section=\u00bbno\u00bb text_align=\u00bbcenter\u00bb background_image_as_pattern=\u00bbwithout_pattern\u00bb z_index=\u00bb\u00bb][vc_column offset=\u00bbvc_col-lg-offset-2 vc_col-lg-8&#8243; css=\u00bb.vc_custom_1599733878738{margin-top: -30px !important;}\u00bb][qode_elements_holder number_of_columns=\u00bbone_column\u00bb][qode_elements_holder_item background_color=\u00bb#ffffff\u00bb item_padding=\u00bb42px 88px 59px 88px\u00bb advanced_animations=\u00bbno\u00bb item_padding_1280_1440=\u00bb42px 66px 59px 66px\u00bb item_padding_480=\u00bb71px 20px 59px 23px\u00bb][vc_column_text] Noticias [\/vc_column_text][vc_column_text] Eventos de actualidad&#8230;<\/p>\n","protected":false},"author":1,"featured_media":0,"parent":0,"menu_order":0,"comment_status":"closed","ping_status":"closed","template":"full_width.php","meta":{"footnotes":""},"class_list":["post-430","page","type-page","status-publish","hentry"],"yoast_head":"<!-- This site is optimized with the Yoast SEO plugin v27.5 - https:\/\/yoast.com\/product\/yoast-seo-wordpress\/ -->\n<title>Alta Mora\u00f1a Sociedad Cooperativa - Actualidad y Noticias<\/title>\n<meta name=\"description\" content=\"Secci\u00f3n de actualidad y noticias de la cooperativa Alta Mora\u00f1a\" \/>\n<meta name=\"robots\" content=\"index, follow, max-snippet:-1, max-image-preview:large, max-video-preview:-1\" \/>\n<link rel=\"canonical\" href=\"https:\/\/www.amsc.es\/index.php\/noticias\/\" \/>\n<meta property=\"og:locale\" content=\"es_ES\" \/>\n<meta property=\"og:type\" content=\"article\" \/>\n<meta property=\"og:title\" content=\"Alta Mora\u00f1a Sociedad Cooperativa - Actualidad y Noticias\" \/>\n<meta property=\"og:description\" content=\"Secci\u00f3n de actualidad y noticias de la cooperativa Alta Mora\u00f1a\" \/>\n<meta property=\"og:url\" content=\"https:\/\/www.amsc.es\/index.php\/noticias\/\" \/>\n<meta property=\"og:site_name\" content=\"Alta Mora\u00f1a Sociedad Cooperativa\" \/>\n<meta property=\"article:modified_time\" content=\"2025-01-14T16:45:00+00:00\" \/>\n<meta name=\"twitter:card\" content=\"summary_large_image\" \/>\n<meta name=\"twitter:label1\" content=\"Tiempo de lectura\" \/>\n\t<meta name=\"twitter:data1\" content=\"1 minuto\" \/>\n<script type=\"application\/ld+json\" class=\"yoast-schema-graph\">{\"@context\":\"https:\\\/\\\/schema.org\",\"@graph\":[{\"@type\":\"WebPage\",\"@id\":\"https:\\\/\\\/www.amsc.es\\\/index.php\\\/noticias\\\/\",\"url\":\"https:\\\/\\\/www.amsc.es\\\/index.php\\\/noticias\\\/\",\"name\":\"Alta Mora\u00f1a Sociedad Cooperativa - Actualidad y Noticias\",\"isPartOf\":{\"@id\":\"https:\\\/\\\/www.amsc.es\\\/#website\"},\"datePublished\":\"2018-05-30T07:50:45+00:00\",\"dateModified\":\"2025-01-14T16:45:00+00:00\",\"description\":\"Secci\u00f3n de actualidad y noticias de la cooperativa Alta Mora\u00f1a\",\"breadcrumb\":{\"@id\":\"https:\\\/\\\/www.amsc.es\\\/index.php\\\/noticias\\\/#breadcrumb\"},\"inLanguage\":\"es\",\"potentialAction\":[{\"@type\":\"ReadAction\",\"target\":[\"https:\\\/\\\/www.amsc.es\\\/index.php\\\/noticias\\\/\"]}]},{\"@type\":\"BreadcrumbList\",\"@id\":\"https:\\\/\\\/www.amsc.es\\\/index.php\\\/noticias\\\/#breadcrumb\",\"itemListElement\":[{\"@type\":\"ListItem\",\"position\":1,\"name\":\"Portada\",\"item\":\"https:\\\/\\\/www.amsc.es\\\/\"},{\"@type\":\"ListItem\",\"position\":2,\"name\":\"Noticias\"}]},{\"@type\":\"WebSite\",\"@id\":\"https:\\\/\\\/www.amsc.es\\\/#website\",\"url\":\"https:\\\/\\\/www.amsc.es\\\/\",\"name\":\"Alta Mora\u00f1a Sociedad Cooperativa\",\"description\":\"La mayor Cooperativa de la provincia de \u00c1vila y referencia como fabricante y distribuidor de piensos y productos l\u00e1cteos.\",\"potentialAction\":[{\"@type\":\"SearchAction\",\"target\":{\"@type\":\"EntryPoint\",\"urlTemplate\":\"https:\\\/\\\/www.amsc.es\\\/?s={search_term_string}\"},\"query-input\":{\"@type\":\"PropertyValueSpecification\",\"valueRequired\":true,\"valueName\":\"search_term_string\"}}],\"inLanguage\":\"es\"}]}<\/script>\n<!-- \/ Yoast SEO plugin. -->","yoast_head_json":{"title":"Alta Mora\u00f1a Sociedad Cooperativa - Actualidad y Noticias","description":"Secci\u00f3n de actualidad y noticias de la cooperativa Alta Mora\u00f1a","robots":{"index":"index","follow":"follow","max-snippet":"max-snippet:-1","max-image-preview":"max-image-preview:large","max-video-preview":"max-video-preview:-1"},"canonical":"https:\/\/www.amsc.es\/index.php\/noticias\/","og_locale":"es_ES","og_type":"article","og_title":"Alta Mora\u00f1a Sociedad Cooperativa - Actualidad y Noticias","og_description":"Secci\u00f3n de actualidad y noticias de la cooperativa Alta Mora\u00f1a","og_url":"https:\/\/www.amsc.es\/index.php\/noticias\/","og_site_name":"Alta Mora\u00f1a Sociedad Cooperativa","article_modified_time":"2025-01-14T16:45:00+00:00","twitter_card":"summary_large_image","twitter_misc":{"Tiempo de lectura":"1 minuto"},"schema":{"@context":"https:\/\/schema.org","@graph":[{"@type":"WebPage","@id":"https:\/\/www.amsc.es\/index.php\/noticias\/","url":"https:\/\/www.amsc.es\/index.php\/noticias\/","name":"Alta Mora\u00f1a Sociedad Cooperativa - Actualidad y Noticias","isPartOf":{"@id":"https:\/\/www.amsc.es\/#website"},"datePublished":"2018-05-30T07:50:45+00:00","dateModified":"2025-01-14T16:45:00+00:00","description":"Secci\u00f3n de actualidad y noticias de la cooperativa Alta Mora\u00f1a","breadcrumb":{"@id":"https:\/\/www.amsc.es\/index.php\/noticias\/#breadcrumb"},"inLanguage":"es","potentialAction":[{"@type":"ReadAction","target":["https:\/\/www.amsc.es\/index.php\/noticias\/"]}]},{"@type":"BreadcrumbList","@id":"https:\/\/www.amsc.es\/index.php\/noticias\/#breadcrumb","itemListElement":[{"@type":"ListItem","position":1,"name":"Portada","item":"https:\/\/www.amsc.es\/"},{"@type":"ListItem","position":2,"name":"Noticias"}]},{"@type":"WebSite","@id":"https:\/\/www.amsc.es\/#website","url":"https:\/\/www.amsc.es\/","name":"Alta Mora\u00f1a Sociedad Cooperativa","description":"La mayor Cooperativa de la provincia de \u00c1vila y referencia como fabricante y distribuidor de piensos y productos l\u00e1cteos.","potentialAction":[{"@type":"SearchAction","target":{"@type":"EntryPoint","urlTemplate":"https:\/\/www.amsc.es\/?s={search_term_string}"},"query-input":{"@type":"PropertyValueSpecification","valueRequired":true,"valueName":"search_term_string"}}],"inLanguage":"es"}]}},"_links":{"self":[{"href":"https:\/\/www.amsc.es\/index.php\/wp-json\/wp\/v2\/pages\/430","targetHints":{"allow":["GET"]}}],"collection":[{"href":"https:\/\/www.amsc.es\/index.php\/wp-json\/wp\/v2\/pages"}],"about":[{"href":"https:\/\/www.amsc.es\/index.php\/wp-json\/wp\/v2\/types\/page"}],"author":[{"embeddable":true,"href":"https:\/\/www.amsc.es\/index.php\/wp-json\/wp\/v2\/users\/1"}],"replies":[{"embeddable":true,"href":"https:\/\/www.amsc.es\/index.php\/wp-json\/wp\/v2\/comments?post=430"}],"version-history":[{"count":15,"href":"https:\/\/www.amsc.es\/index.php\/wp-json\/wp\/v2\/pages\/430\/revisions"}],"predecessor-version":[{"id":1021,"href":"https:\/\/www.amsc.es\/index.php\/wp-json\/wp\/v2\/pages\/430\/revisions\/1021"}],"wp:attachment":[{"href":"https:\/\/www.amsc.es\/index.php\/wp-json\/wp\/v2\/media?parent=430"}],"curies":[{"name":"wp","href":"https:\/\/api.w.org\/{rel}","templated":true}]}}