{"id":417,"date":"2018-05-22T11:05:07","date_gmt":"2018-05-22T11:05:07","guid":{"rendered":"http:\/\/www.amsc.es\/?page_id=417"},"modified":"2019-11-15T16:27:33","modified_gmt":"2019-11-15T16:27:33","slug":"aviso_legal","status":"publish","type":"page","link":"https:\/\/www.amsc.es\/index.php\/aviso_legal\/","title":{"rendered":"Aviso legal"},"content":{"rendered":"<p><strong>Aviso legal<\/strong><\/p>\n<p><strong>Responsable del tratamiento<\/strong>: ALTA MORA\u00d1A, SOCIEDAD COOPERATIVA<\/p>\n<p><strong>CIF.<\/strong> F05006812<\/p>\n<p><strong>Dir. postal<\/strong>: Cr. S. Pedro del Arroyo-Papatrigo, Km. 1. &#8211; 05350 S. Pedro del Arroyo (\u00c1vila)<\/p>\n<p><strong>Tel\u00e9fono<\/strong>: 920 24 02 82\u00a0\u00a0 <strong>Email<\/strong>: <a href=\"mailto:facturacion@amsc.es\">facturacion@amsc.es<\/a><\/p>\n<p><strong>Nombre de dominio: <\/strong>www.amsc.es<\/p>\n<p><strong>OBJETO<\/strong><\/p>\n<p><strong>ALTA MORA\u00d1A, SOCIEDAD COOPERATIVA (en adelante ALTA MORA\u00d1A)<\/strong>, responsable del sitio web, pone a disposici\u00f3n de los usuarios el presente documento con el que pretende dar cumplimiento a las obligaciones dispuestas en la Ley 34\/2002, de 11 de julio, de Servicios de la Sociedad de la Informaci\u00f3n y del Comercio Electr\u00f3nico (LSSI-CE), as\u00ed como informar a todos los usuarios del sitio web respecto a cu\u00e1les son las condiciones de su uso.<\/p>\n<p>Toda persona que acceda a este sitio web asume el papel de usuario, comprometi\u00e9ndose a la observancia y cumplimiento riguroso de las disposiciones aqu\u00ed expuestas, as\u00ed como a cualquier otra disposici\u00f3n legal que fuera de aplicaci\u00f3n.<\/p>\n<p><strong>\u00a0\u00a0\u00a0\u00a0\u00a0\u00a0\u00a0\u00a0\u00a0\u00a0\u00a0 <\/strong><strong>ALTA MORA\u00d1A <\/strong>se reserva el derecho a modificar cualquier tipo de informaci\u00f3n que pudiera aparecer en el sitio web, sin que exista obligaci\u00f3n de preavisar o poner en conocimiento de los usuarios dichas obligaciones, entendi\u00e9ndose como suficiente con la publicaci\u00f3n en el sitio web.<\/p>\n<p><strong>RESPONSABILIDAD<\/strong><\/p>\n<p><strong>\u00a0\u00a0\u00a0\u00a0\u00a0\u00a0\u00a0\u00a0\u00a0\u00a0\u00a0 <\/strong><strong>ALTA MORA\u00d1A <\/strong>se exime de cualquier tipo de responsabilidad derivada de la informaci\u00f3n publicada en su sitio web, siempre que esta informaci\u00f3n haya sido manipulada o introducida por un tercero ajeno al mismo.<br \/>\nEl sitio web www.amsc.es puede utilizar cookies (peque\u00f1os archivos de informaci\u00f3n que el servidor env\u00eda al ordenador de quien accede a la p\u00e1gina) para llevar a cabo determinadas funciones que son consideradas imprescindibles para el correcto funcionamiento y visualizaci\u00f3n del sitio. Las cookies utilizadas en el sitio web tienen, en todo caso, car\u00e1cter temporal con la \u00fanica finalidad de hacer m\u00e1s eficaz su transmisi\u00f3n ulterior y desaparecen al terminar la sesi\u00f3n del usuario. En ning\u00fan caso se utilizar\u00e1n las cookies para recoger informaci\u00f3n de car\u00e1cter personal.<\/p>\n<p><strong>\u00a0\u00a0\u00a0\u00a0\u00a0\u00a0\u00a0\u00a0\u00a0\u00a0\u00a0 <\/strong>En cumplimiento de lo dispuesto en el art. 11 y 16 de la LSSI-CE, <strong>ALTA MORA\u00d1A<\/strong> se pone a disposici\u00f3n de todos los usuarios, autoridades y fuerzas de seguridad, y colaborando de forma activa en la retirada o en su caso bloqueo de todos aquellos contenidos que pudieran afectar o contravenir la legislaci\u00f3n nacional, o internacional, derechos de terceros o la moral y el orden p\u00fablico. En caso de que el usuario considere que existe en el sitio web alg\u00fan contenido que pudiera ser susceptible de esta clasificaci\u00f3n, se ruega lo notifique de forma inmediata al administrador del sitio web.<\/p>\n<p><strong>USO Y ACCESO A LOS CONTENIDOS<\/strong><\/p>\n<p>Salvo que se disponga otra cosa en las Condiciones Particulares de ciertas secciones, el uso de esta p\u00e1gina web tendr\u00e1 car\u00e1cter gratuito, excepto en lo relativo al coste de conexi\u00f3n a trav\u00e9s de la red de telecomunicaciones suministrada por el proveedor de acceso contratado por el usuario.<\/p>\n<p>El uso de los contenidos y el acceso a la p\u00e1gina web ser\u00e1n responsabilidad \u00fanica y exclusiva del usuario. Asimismo, el usuario se compromete a no llevar a cabo ninguna conducta que pudiera da\u00f1ar la imagen, los intereses y los derechos de <strong>ALTA MORA\u00d1A <\/strong>o que impidiera, de cualquier forma, la normal utilizaci\u00f3n de esta p\u00e1gina.<\/p>\n<p><strong>\u00a0\u00a0\u00a0\u00a0\u00a0\u00a0\u00a0\u00a0\u00a0\u00a0\u00a0 <\/strong><strong>ALTA MORA\u00d1A <\/strong>no garantiza la ausencia de virus u otros elementos lesivos que pudieran causar da\u00f1os o alteraciones en el sistema inform\u00e1tico, en los documentos electr\u00f3nicos o en los ficheros del usuario de este sitio web. En consecuencia, <strong>ALTA MORA\u00d1A <\/strong>no responde por los da\u00f1os y perjuicios que tales elementos pudieran ocasionar al usuario o a terceros.<\/p>\n<p><strong>ENLACES AL PORTAL<\/strong><\/p>\n<p>El usuario y, en general, cualquier persona f\u00edsica o jur\u00eddica que quiera establecer un hiperenlace o dispositivo t\u00e9cnico de enlace desde su sitio web a este Sitio web deber\u00e1 obtener una autorizaci\u00f3n previa de <strong>ALTA MORA\u00d1A<\/strong>. En todo caso <strong>ALTA MORA\u00d1A<\/strong> se reserva el derecho de prohibir o inutilizar en cualquier momento cualquier hiperenlace a este sitio web.<\/p>\n<p><strong>\u00a0\u00a0\u00a0\u00a0\u00a0\u00a0\u00a0\u00a0\u00a0\u00a0\u00a0 <\/strong><strong>ALTA MORA\u00d1A <\/strong>pone, o podr\u00e1 poner a disposici\u00f3n del usuario, enlaces que permiten acceso a sitios o portales de Internet pertenecientes a o gestionados por terceros, lo que no implica en ning\u00fan caso la existencia de relaciones entre <strong>ALTA MORA\u00d1A <\/strong>y el propietario de la p\u00e1gina web enlazada. <strong>ALTA MORA\u00d1A <\/strong>no supervisa ni controla en modo alguno los contenidos y servicios de los sitios enlazados o que enlazan a esta p\u00e1gina web por lo que no se har\u00e1 responsable en ning\u00fan caso de los mismos ni de los da\u00f1os que se puedan producir como consecuencia de la ilicitud, desactualizaci\u00f3n, error e inutilidad de los contenidos y\/o servicios de los sitios enlazados.<\/p>\n<p><strong>DIRECCIONES IP<\/strong><\/p>\n<p>Los servidores del sitio web podr\u00e1n detectar de manera autom\u00e1tica la direcci\u00f3n IP y el nombre de dominio utilizados por el usuario. Una direcci\u00f3n IP es un n\u00famero asignado autom\u00e1ticamente a un ordenador cuando \u00e9ste se conecta a Internet. Toda esta informaci\u00f3n es registrada en un fichero de actividad del servidor debidamente inscrito que permite el posterior procesamiento de los datos con el fin de obtener mediciones \u00fanicamente estad\u00edsticas que permitan conocer el n\u00famero de impresiones de p\u00e1ginas, el n\u00famero de visitas realizadas a los servidores web, el orden de visitas, el punto de acceso, etc.<\/p>\n<p><strong>PROTECCI\u00d3N DE DATOS PERSONALES<\/strong><\/p>\n<p><strong>\u00a0\u00a0\u00a0\u00a0\u00a0\u00a0\u00a0\u00a0\u00a0\u00a0\u00a0 <\/strong><strong>ALTA MORA\u00d1A <\/strong>se encuentra profundamente comprometida con el cumplimiento de la normativa espa\u00f1ola de protecci\u00f3n de datos de car\u00e1cter personal, y garantiza el cumplimiento \u00edntegro de las obligaciones dispuestas, as\u00ed como la implementaci\u00f3n de las medidas de seguridad dispuestas en el Reglamento (UE) 2016\/679, del Parlamento Europeo y del Consejo, de 27 de abril de 2016 (RGPD).<\/p>\n<p><strong>\u00a0\u00a0\u00a0\u00a0\u00a0\u00a0\u00a0\u00a0\u00a0\u00a0\u00a0 <\/strong><strong>ALTA MORA\u00d1A<\/strong> pone a disposici\u00f3n de los usuarios la\u00a0Pol\u00edtica de Privacidad\u00a0informando a los usuarios respecto a los siguientes aspectos:<\/p>\n<p>Datos del Responsable del tratamiento.<br \/>\nFinalidad del tratamiento.<br \/>\nLegitimaci\u00f3n para poder tratar datos personales.<br \/>\nPlazos de conservaci\u00f3n de datos personales<br \/>\nDestinatarios de la informaci\u00f3n.<br \/>\nSobre los derechos que asisten a todo usuario y el procedimiento para ejercitarlos, el usuario tiene la opci\u00f3n de aceptar o rechazar las condiciones legales en las cuales facilitar\u00e1 sus datos. La aceptaci\u00f3n se considera como consentimiento y autorizaci\u00f3n expresa al tratamiento de los datos para las finalidades especificadas en la cl\u00e1usula espec\u00edfica para cada formulario. El fichero en el que se incluir\u00e1n los datos personales es titularidad de <strong>ALTA MORA\u00d1A.<\/strong> Aquellas personas que hayan facilitado sus datos personales, podr\u00e1n dirigirse por escrito a la direcci\u00f3n del Responsable del tratamiento, con el fin de ejercitar sus derechos a retirar el consentimiento prestado en cualquier momento o el derecho de acceso, rectificaci\u00f3n, supresi\u00f3n limitaci\u00f3n, oposici\u00f3n a su tratamiento, o portabilidad de datos, teniendo en cuenta que el ejercicio de los mismos es personal\u00edsimo, por lo que ser\u00e1 necesario que el afectado acredite su identidad.<\/p>\n<p><strong>PROPIEDAD INTELECTUAL E INDUSTRIAL<\/strong><\/p>\n<p>Tanto el dise\u00f1o de este sitio web, sus c\u00f3digos fuente, logotipos, im\u00e1genes, melod\u00edas, marcas y dem\u00e1s signos distintivos que aparecen, pertenecen a sus respectivos autores y est\u00e1n protegidos por los correspondientes derechos de propiedad intelectual e industrial.<\/p>\n<p>Su utilizaci\u00f3n, reproducci\u00f3n, distribuci\u00f3n, comunicaci\u00f3n p\u00fablica, transformaci\u00f3n o cualquier otra acci\u00f3n semejante, est\u00e1 totalmente prohibida salvo autorizaci\u00f3n expresa por escrito de su creador y\/o propietario de los derechos.<\/p>\n<p>Para realizar cualquier tipo de observaci\u00f3n respecto a posibles incumplimientos de los derechos de propiedad intelectual o industrial, as\u00ed como sobre cualquiera de los contenidos del sitio web, puede hacerlo a trav\u00e9s del siguiente correo electr\u00f3nico: facturacion@amsc.es<\/p>\n<p><strong>LEY APLICABLE Y JURISDICCI\u00d3N<\/strong><\/p>\n<p>Para la resoluci\u00f3n de todas las controversias o cuestiones relacionadas con el presente sitio web o de las actividades en \u00e9l desarrolladas, ser\u00e1 de aplicaci\u00f3n la legislaci\u00f3n espa\u00f1ola, a la que se someten expresamente las partes, siendo competentes para la resoluci\u00f3n de todos los conflictos derivados o relacionados con su uso los Juzgados y tribunales de \u00c1vila capital.<\/p>\n","protected":false},"excerpt":{"rendered":"<p>Aviso legal Responsable del tratamiento: ALTA MORA\u00d1A, SOCIEDAD COOPERATIVA CIF. F05006812 Dir. postal: Cr. S. Pedro del Arroyo-Papatrigo, Km. 1. &#8211; 05350 S. Pedro del Arroyo (\u00c1vila) Tel\u00e9fono: 920 24 02 82\u00a0\u00a0 Email: facturacion@amsc.es Nombre de dominio: www.amsc.es OBJETO ALTA MORA\u00d1A, SOCIEDAD COOPERATIVA (en adelante&#8230;<\/p>\n","protected":false},"author":1,"featured_media":0,"parent":0,"menu_order":0,"comment_status":"closed","ping_status":"open","template":"","meta":{"footnotes":""},"class_list":["post-417","page","type-page","status-publish","hentry"],"yoast_head":"<!-- This site is optimized with the Yoast SEO plugin v27.5 - https:\/\/yoast.com\/product\/yoast-seo-wordpress\/ -->\n<title>Aviso legal - Alta Mora\u00f1a Sociedad Cooperativa<\/title>\n<meta name=\"robots\" content=\"index, follow, max-snippet:-1, max-image-preview:large, max-video-preview:-1\" \/>\n<link rel=\"canonical\" href=\"https:\/\/www.amsc.es\/index.php\/aviso_legal\/\" \/>\n<meta property=\"og:locale\" content=\"es_ES\" \/>\n<meta property=\"og:type\" content=\"article\" \/>\n<meta property=\"og:title\" content=\"Aviso legal - Alta Mora\u00f1a Sociedad Cooperativa\" \/>\n<meta property=\"og:description\" content=\"Aviso legal Responsable del tratamiento: ALTA MORA\u00d1A, SOCIEDAD COOPERATIVA CIF. F05006812 Dir. postal: Cr. S. Pedro del Arroyo-Papatrigo, Km. 1. &#8211; 05350 S. Pedro del Arroyo (\u00c1vila) Tel\u00e9fono: 920 24 02 82\u00a0\u00a0 Email: facturacion@amsc.es Nombre de dominio: www.amsc.es OBJETO ALTA MORA\u00d1A, SOCIEDAD COOPERATIVA (en adelante...\" \/>\n<meta property=\"og:url\" content=\"https:\/\/www.amsc.es\/index.php\/aviso_legal\/\" \/>\n<meta property=\"og:site_name\" content=\"Alta Mora\u00f1a Sociedad Cooperativa\" \/>\n<meta property=\"article:modified_time\" content=\"2019-11-15T16:27:33+00:00\" \/>\n<meta name=\"twitter:card\" content=\"summary_large_image\" \/>\n<meta name=\"twitter:label1\" content=\"Tiempo de lectura\" \/>\n\t<meta name=\"twitter:data1\" content=\"7 minutos\" \/>\n<script type=\"application\/ld+json\" class=\"yoast-schema-graph\">{\"@context\":\"https:\\\/\\\/schema.org\",\"@graph\":[{\"@type\":\"WebPage\",\"@id\":\"https:\\\/\\\/www.amsc.es\\\/index.php\\\/aviso_legal\\\/\",\"url\":\"https:\\\/\\\/www.amsc.es\\\/index.php\\\/aviso_legal\\\/\",\"name\":\"Aviso legal - Alta Mora\u00f1a Sociedad Cooperativa\",\"isPartOf\":{\"@id\":\"https:\\\/\\\/www.amsc.es\\\/#website\"},\"datePublished\":\"2018-05-22T11:05:07+00:00\",\"dateModified\":\"2019-11-15T16:27:33+00:00\",\"breadcrumb\":{\"@id\":\"https:\\\/\\\/www.amsc.es\\\/index.php\\\/aviso_legal\\\/#breadcrumb\"},\"inLanguage\":\"es\",\"potentialAction\":[{\"@type\":\"ReadAction\",\"target\":[\"https:\\\/\\\/www.amsc.es\\\/index.php\\\/aviso_legal\\\/\"]}]},{\"@type\":\"BreadcrumbList\",\"@id\":\"https:\\\/\\\/www.amsc.es\\\/index.php\\\/aviso_legal\\\/#breadcrumb\",\"itemListElement\":[{\"@type\":\"ListItem\",\"position\":1,\"name\":\"Portada\",\"item\":\"https:\\\/\\\/www.amsc.es\\\/\"},{\"@type\":\"ListItem\",\"position\":2,\"name\":\"Aviso legal\"}]},{\"@type\":\"WebSite\",\"@id\":\"https:\\\/\\\/www.amsc.es\\\/#website\",\"url\":\"https:\\\/\\\/www.amsc.es\\\/\",\"name\":\"Alta Mora\u00f1a Sociedad Cooperativa\",\"description\":\"La mayor Cooperativa de la provincia de \u00c1vila y referencia como fabricante y distribuidor de piensos y productos l\u00e1cteos.\",\"potentialAction\":[{\"@type\":\"SearchAction\",\"target\":{\"@type\":\"EntryPoint\",\"urlTemplate\":\"https:\\\/\\\/www.amsc.es\\\/?s={search_term_string}\"},\"query-input\":{\"@type\":\"PropertyValueSpecification\",\"valueRequired\":true,\"valueName\":\"search_term_string\"}}],\"inLanguage\":\"es\"}]}<\/script>\n<!-- \/ Yoast SEO plugin. -->","yoast_head_json":{"title":"Aviso legal - Alta Mora\u00f1a Sociedad Cooperativa","robots":{"index":"index","follow":"follow","max-snippet":"max-snippet:-1","max-image-preview":"max-image-preview:large","max-video-preview":"max-video-preview:-1"},"canonical":"https:\/\/www.amsc.es\/index.php\/aviso_legal\/","og_locale":"es_ES","og_type":"article","og_title":"Aviso legal - Alta Mora\u00f1a Sociedad Cooperativa","og_description":"Aviso legal Responsable del tratamiento: ALTA MORA\u00d1A, SOCIEDAD COOPERATIVA CIF. F05006812 Dir. postal: Cr. S. Pedro del Arroyo-Papatrigo, Km. 1. &#8211; 05350 S. Pedro del Arroyo (\u00c1vila) Tel\u00e9fono: 920 24 02 82\u00a0\u00a0 Email: facturacion@amsc.es Nombre de dominio: www.amsc.es OBJETO ALTA MORA\u00d1A, SOCIEDAD COOPERATIVA (en adelante...","og_url":"https:\/\/www.amsc.es\/index.php\/aviso_legal\/","og_site_name":"Alta Mora\u00f1a Sociedad Cooperativa","article_modified_time":"2019-11-15T16:27:33+00:00","twitter_card":"summary_large_image","twitter_misc":{"Tiempo de lectura":"7 minutos"},"schema":{"@context":"https:\/\/schema.org","@graph":[{"@type":"WebPage","@id":"https:\/\/www.amsc.es\/index.php\/aviso_legal\/","url":"https:\/\/www.amsc.es\/index.php\/aviso_legal\/","name":"Aviso legal - Alta Mora\u00f1a Sociedad Cooperativa","isPartOf":{"@id":"https:\/\/www.amsc.es\/#website"},"datePublished":"2018-05-22T11:05:07+00:00","dateModified":"2019-11-15T16:27:33+00:00","breadcrumb":{"@id":"https:\/\/www.amsc.es\/index.php\/aviso_legal\/#breadcrumb"},"inLanguage":"es","potentialAction":[{"@type":"ReadAction","target":["https:\/\/www.amsc.es\/index.php\/aviso_legal\/"]}]},{"@type":"BreadcrumbList","@id":"https:\/\/www.amsc.es\/index.php\/aviso_legal\/#breadcrumb","itemListElement":[{"@type":"ListItem","position":1,"name":"Portada","item":"https:\/\/www.amsc.es\/"},{"@type":"ListItem","position":2,"name":"Aviso legal"}]},{"@type":"WebSite","@id":"https:\/\/www.amsc.es\/#website","url":"https:\/\/www.amsc.es\/","name":"Alta Mora\u00f1a Sociedad Cooperativa","description":"La mayor Cooperativa de la provincia de \u00c1vila y referencia como fabricante y distribuidor de piensos y productos l\u00e1cteos.","potentialAction":[{"@type":"SearchAction","target":{"@type":"EntryPoint","urlTemplate":"https:\/\/www.amsc.es\/?s={search_term_string}"},"query-input":{"@type":"PropertyValueSpecification","valueRequired":true,"valueName":"search_term_string"}}],"inLanguage":"es"}]}},"_links":{"self":[{"href":"https:\/\/www.amsc.es\/index.php\/wp-json\/wp\/v2\/pages\/417","targetHints":{"allow":["GET"]}}],"collection":[{"href":"https:\/\/www.amsc.es\/index.php\/wp-json\/wp\/v2\/pages"}],"about":[{"href":"https:\/\/www.amsc.es\/index.php\/wp-json\/wp\/v2\/types\/page"}],"author":[{"embeddable":true,"href":"https:\/\/www.amsc.es\/index.php\/wp-json\/wp\/v2\/users\/1"}],"replies":[{"embeddable":true,"href":"https:\/\/www.amsc.es\/index.php\/wp-json\/wp\/v2\/comments?post=417"}],"version-history":[{"count":3,"href":"https:\/\/www.amsc.es\/index.php\/wp-json\/wp\/v2\/pages\/417\/revisions"}],"predecessor-version":[{"id":653,"href":"https:\/\/www.amsc.es\/index.php\/wp-json\/wp\/v2\/pages\/417\/revisions\/653"}],"wp:attachment":[{"href":"https:\/\/www.amsc.es\/index.php\/wp-json\/wp\/v2\/media?parent=417"}],"curies":[{"name":"wp","href":"https:\/\/api.w.org\/{rel}","templated":true}]}}