{"id":331,"date":"2018-05-22T08:45:06","date_gmt":"2018-05-22T08:45:06","guid":{"rendered":"http:\/\/www.amsc.es\/?page_id=331"},"modified":"2020-11-06T09:32:16","modified_gmt":"2020-11-06T09:32:16","slug":"leche_lacteos","status":"publish","type":"page","link":"https:\/\/www.amsc.es\/index.php\/leche_lacteos\/","title":{"rendered":"Leche y l\u00e1cteos"},"content":{"rendered":"<div class=\"wpb-content-wrapper\"><p>[vc_row css_animation=\u00bb\u00bb row_type=\u00bbrow\u00bb use_row_as_full_screen_section=\u00bbno\u00bb type=\u00bbfull_width\u00bb angled_section=\u00bbno\u00bb text_align=\u00bbleft\u00bb background_image_as_pattern=\u00bbwithout_pattern\u00bb z_index=\u00bb\u00bb][vc_column][vc_single_image image=\u00bb750&#8243; img_size=\u00bbfull\u00bb alignment=\u00bbcenter\u00bb qode_css_animation=\u00bb\u00bb][\/vc_column][\/vc_row][vc_row css_animation=\u00bb\u00bb row_type=\u00bbrow\u00bb use_row_as_full_screen_section=\u00bbno\u00bb type=\u00bbgrid\u00bb angled_section=\u00bbno\u00bb text_align=\u00bbcenter\u00bb background_image_as_pattern=\u00bbwithout_pattern\u00bb z_index=\u00bb\u00bb][vc_column offset=\u00bbvc_col-lg-offset-2 vc_col-lg-8&#8243; css=\u00bb.vc_custom_1599732309680{margin-top: -30px !important;}\u00bb][qode_elements_holder number_of_columns=\u00bbone_column\u00bb][qode_elements_holder_item background_color=\u00bb#ffffff\u00bb item_padding=\u00bb42px 88px 59px 88px\u00bb advanced_animations=\u00bbno\u00bb item_padding_1280_1440=\u00bb42px 66px 59px 66px\u00bb item_padding_480=\u00bb71px 20px 59px 23px\u00bb][vc_column_text]<\/p>\n<h1>Leche y l\u00e1cteos<\/h1>\n<p>[\/vc_column_text][vc_column_text]<\/p>\n<h5>Leche por encima de los est\u00e1ndares de calidad, postres l\u00e1cteos (yogur y arroz con leche) \u00fanicos fabricados con leche de vaca y oveja, y quesos exquisitos de todas las variedades.<\/h5>\n<p><img loading=\"lazy\" decoding=\"async\" class=\"alignnone size-full wp-image-510\" src=\"https:\/\/www.amsc.es\/wp-content\/uploads\/2018\/05\/logo_tienda.png\" alt=\"\" width=\"200\" height=\"79\" \/>[\/vc_column_text][\/qode_elements_holder_item][\/qode_elements_holder][\/vc_column][\/vc_row][vc_row css_animation=\u00bb\u00bb row_type=\u00bbrow\u00bb use_row_as_full_screen_section=\u00bbno\u00bb type=\u00bbfull_width\u00bb angled_section=\u00bbno\u00bb text_align=\u00bbleft\u00bb background_image_as_pattern=\u00bbwithout_pattern\u00bb css=\u00bb.vc_custom_1604655104740{padding-right: 350px !important;padding-left: 350px !important;}\u00bb z_index=\u00bb\u00bb][vc_column offset=\u00bbvc_hidden-sm vc_hidden-xs\u00bb][vc_video link=\u00bbhttps:\/\/www.youtube.com\/watch?v=cAoH8fEKT80&#8243;][\/vc_column][\/vc_row][vc_row css_animation=\u00bb\u00bb row_type=\u00bbrow\u00bb use_row_as_full_screen_section=\u00bbno\u00bb type=\u00bbfull_width\u00bb angled_section=\u00bbno\u00bb text_align=\u00bbleft\u00bb background_image_as_pattern=\u00bbwithout_pattern\u00bb z_index=\u00bb\u00bb][vc_column offset=\u00bbvc_hidden-lg vc_hidden-md\u00bb][vc_video link=\u00bbhttps:\/\/www.youtube.com\/watch?v=cAoH8fEKT80&#8243;][\/vc_column][\/vc_row][vc_row css_animation=\u00bb\u00bb row_type=\u00bbrow\u00bb use_row_as_full_screen_section=\u00bbno\u00bb type=\u00bbgrid\u00bb angled_section=\u00bbno\u00bb text_align=\u00bbleft\u00bb background_image_as_pattern=\u00bbwithout_pattern\u00bb css=\u00bb.vc_custom_1599730756696{margin-right: 30px !important;margin-left: 30px !important;}\u00bb z_index=\u00bb\u00bb][vc_column][vc_empty_space height=\u00bb60px\u00bb][vc_column_text]La <strong><em>leche<\/em><\/strong> que la cooperativa <strong>Alta Mora\u00f1a<\/strong> comercializa se puede encontrar en formato brick de 1 litro, en forma de leche entera, leche semidesnatada y leche desnatada. Previamente se somete a los m\u00e1s avanzados procesos de fabricaci\u00f3n y a los m\u00e1s estrictos controles de calidad, teniendo en cuenta que los controles empiezan desde la alimentaci\u00f3n de las vacas.[\/vc_column_text][vc_empty_space height=\u00bb30px\u00bb][vc_row_inner row_type=\u00bbrow\u00bb type=\u00bbfull_width\u00bb text_align=\u00bbleft\u00bb css_animation=\u00bb\u00bb][vc_column_inner width=\u00bb1\/2&#8243;][vc_single_image image=\u00bb501&#8243; img_size=\u00bb1200&#215;900&#8243; alignment=\u00bbcenter\u00bb style=\u00bbvc_box_rounded\u00bb qode_css_animation=\u00bbelement_from_left\u00bb qode_hover_animation=\u00bbzoom_in\u00bb][\/vc_column_inner][vc_column_inner width=\u00bb1\/2&#8243;][vc_column_text]<\/p>\n<h4>\u00bfC\u00f3mo se fabrican nuestros postres l\u00e1cteos?<\/h4>\n<p>[\/vc_column_text]<div class=\"qode_video_box\">\n\t<a itemprop=\"image\" class=\"qode_video_image\" href=\"https:\/\/www.youtube.com\/watch?v=PBsfRNeve8k\" data-rel=\"prettyPhoto\">\n\t\t\t\n\t\t\t<img decoding=\"async\" src=\"https:\/\/www.amsc.es\/wp-content\/uploads\/2018\/05\/fabrica_como_se_hace.jpg\" \/>\n\t\t\t<span class=\"qode_video_box_button_holder\">\n\t\t\t\t<span class=\"qode_video_box_button\">\n\t\t\t\t\t<span class=\"qode_video_box_button_arrow\">\n\t\t\t\t\t<\/span>\n\t\t\t\t<\/span>\n\t\t\t<\/span>\n\t\t\t<\/a>\n<\/div>[\/vc_column_inner][\/vc_row_inner][vc_empty_space height=\u00bb30px\u00bb][vc_column_text]Nuestros <strong><em>postres l\u00e1cteos<\/em>, <\/strong>amparados bajo la marca de garant\u00eda <strong><em>\u00c1VILA AUT\u00c9NTICA,<\/em><\/strong> se elaboran de manera <strong>artesanal<\/strong> con las mejores materias primas naturales:<\/p>\n<p>[\/vc_column_text][vc_empty_space height=\u00bb30px\u00bb][vc_row_inner row_type=\u00bbrow\u00bb type=\u00bbfull_width\u00bb text_align=\u00bbleft\u00bb css_animation=\u00bb\u00bb][vc_column_inner width=\u00bb1\/4&#8243; offset=\u00bbvc_hidden-sm vc_hidden-xs\u00bb][vc_column_text]<img loading=\"lazy\" decoding=\"async\" class=\"alignright wp-image-242\" src=\"https:\/\/www.amsc.es\/wp-content\/uploads\/2018\/05\/Avila-Autentica-219x300.jpg\" alt=\"\" width=\"100\" height=\"80\" \/>[\/vc_column_text][\/vc_column_inner][vc_column_inner width=\u00bb3\/4&#8243;]<div class='q_list circle'><\/p>\n<ul>\n<li><strong>Yogur batido y firme<\/strong>, con leche de vaca y oveja que les confiere un sabor y textura \u00fanicos.<\/li>\n<li><strong>Arroz con leche<\/strong> de vaca y oveja, con aut\u00e9ntica canela en rama y la c\u00e1scara del lim\u00f3n.<\/li>\n<\/ul>\n<p><\/div>[\/vc_column_inner][\/vc_row_inner][vc_empty_space height=\u00bb30px\u00bb][vc_empty_space height=\u00bb30px\u00bb][vc_column_text]Los <strong><em>quesos Alta Mora\u00f1a<\/em><\/strong> ofrecen la m\u00e1xima garant\u00eda y calidad gracias a sus ingredientes y proceso de fabricaci\u00f3n. Se pueden adquirir en formato de 1 kg y 3 kg y con las variedades tierno, semicurado y curado, tanto de mezcla (vaca, oveja y cabra) como puro de oveja, destacando el curado de leche cruda.[\/vc_column_text][vc_empty_space height=\u00bb30px\u00bb][vc_single_image image=\u00bb341&#8243; img_size=\u00bb1600&#215;400&#8243; alignment=\u00bbcenter\u00bb style=\u00bbvc_box_rounded\u00bb qode_css_animation=\u00bbelement_from_right\u00bb][vc_empty_space height=\u00bb30px\u00bb][vc_row_inner row_type=\u00bbrow\u00bb type=\u00bbfull_width\u00bb text_align=\u00bbleft\u00bb css_animation=\u00bb\u00bb][vc_column_inner width=\u00bb5\/6&#8243;][vc_column_text]<\/p>\n<p style=\"text-align: right;\">Adem\u00e1s, todos nuestros productos est\u00e1n amparados bajo la marca <strong><em>TIERRA DE SABOR<\/em><\/strong> y lucen el sello del coraz\u00f3n amarillo distingui\u00e9ndonos entre los mejores productos de Castilla y Le\u00f3n.<\/p>\n<p>[\/vc_column_text][\/vc_column_inner][vc_column_inner width=\u00bb1\/6&#8243;][vc_column_text]<img decoding=\"async\" class=\"wp-image-233 alignleft\" src=\"https:\/\/www.amsc.es\/wp-content\/uploads\/2018\/05\/tierra-de-sabor-300x283.png\" alt=\"Tierra de sabor\" width=\"80\" srcset=\"https:\/\/www.amsc.es\/wp-content\/uploads\/2018\/05\/tierra-de-sabor-300x283.png 300w, https:\/\/www.amsc.es\/wp-content\/uploads\/2018\/05\/tierra-de-sabor.png 500w\" sizes=\"(max-width: 300px) 100vw, 300px\" \/>[\/vc_column_text][\/vc_column_inner][\/vc_row_inner][vc_empty_space height=\u00bb30px\u00bb][\/vc_column][\/vc_row]<\/p>\n<\/div>","protected":false},"excerpt":{"rendered":"<p>[vc_row css_animation=\u00bb\u00bb row_type=\u00bbrow\u00bb use_row_as_full_screen_section=\u00bbno\u00bb type=\u00bbfull_width\u00bb angled_section=\u00bbno\u00bb text_align=\u00bbleft\u00bb background_image_as_pattern=\u00bbwithout_pattern\u00bb z_index=\u00bb\u00bb][vc_column][vc_single_image image=\u00bb750&#8243; img_size=\u00bbfull\u00bb alignment=\u00bbcenter\u00bb qode_css_animation=\u00bb\u00bb][\/vc_column][\/vc_row][vc_row css_animation=\u00bb\u00bb row_type=\u00bbrow\u00bb use_row_as_full_screen_section=\u00bbno\u00bb type=\u00bbgrid\u00bb angled_section=\u00bbno\u00bb text_align=\u00bbcenter\u00bb background_image_as_pattern=\u00bbwithout_pattern\u00bb z_index=\u00bb\u00bb][vc_column offset=\u00bbvc_col-lg-offset-2 vc_col-lg-8&#8243; css=\u00bb.vc_custom_1599732309680{margin-top: -30px !important;}\u00bb][qode_elements_holder number_of_columns=\u00bbone_column\u00bb][qode_elements_holder_item background_color=\u00bb#ffffff\u00bb item_padding=\u00bb42px 88px 59px 88px\u00bb advanced_animations=\u00bbno\u00bb item_padding_1280_1440=\u00bb42px 66px 59px 66px\u00bb item_padding_480=\u00bb71px 20px 59px 23px\u00bb][vc_column_text] Leche y l\u00e1cteos [\/vc_column_text][vc_column_text]&#8230;<\/p>\n","protected":false},"author":1,"featured_media":0,"parent":0,"menu_order":0,"comment_status":"closed","ping_status":"closed","template":"full_width.php","meta":{"footnotes":""},"class_list":["post-331","page","type-page","status-publish","hentry"],"yoast_head":"<!-- This site is optimized with the Yoast SEO plugin v27.4 - https:\/\/yoast.com\/product\/yoast-seo-wordpress\/ -->\n<title>Alta Mora\u00f1a Sociedad Cooperativa - Leche y l\u00e1cteos<\/title>\n<meta name=\"description\" content=\"Leche por encima de los est\u00e1ndares de calidad, postres l\u00e1cteos (yogur y arroz con leche) \u00fanicos fabricados con leche de vaca y oveja, y quesos exquisitos de todas las variedades.\" \/>\n<meta name=\"robots\" content=\"index, follow, max-snippet:-1, max-image-preview:large, max-video-preview:-1\" \/>\n<link rel=\"canonical\" href=\"https:\/\/www.amsc.es\/index.php\/leche_lacteos\/\" \/>\n<meta property=\"og:locale\" content=\"es_ES\" \/>\n<meta property=\"og:type\" content=\"article\" \/>\n<meta property=\"og:title\" content=\"Alta Mora\u00f1a Sociedad Cooperativa - Leche y l\u00e1cteos\" \/>\n<meta property=\"og:description\" content=\"Leche por encima de los est\u00e1ndares de calidad, postres l\u00e1cteos (yogur y arroz con leche) \u00fanicos fabricados con leche de vaca y oveja, y quesos exquisitos de todas las variedades.\" \/>\n<meta property=\"og:url\" content=\"https:\/\/www.amsc.es\/index.php\/leche_lacteos\/\" \/>\n<meta property=\"og:site_name\" content=\"Alta Mora\u00f1a Sociedad Cooperativa\" \/>\n<meta property=\"article:modified_time\" content=\"2020-11-06T09:32:16+00:00\" \/>\n<meta property=\"og:image\" content=\"https:\/\/www.amsc.es\/wp-content\/uploads\/2018\/05\/logo_tienda.png\" \/>\n<meta name=\"twitter:card\" content=\"summary_large_image\" \/>\n<meta name=\"twitter:label1\" content=\"Tiempo de lectura\" \/>\n\t<meta name=\"twitter:data1\" content=\"4 minutos\" \/>\n<script type=\"application\/ld+json\" class=\"yoast-schema-graph\">{\"@context\":\"https:\\\/\\\/schema.org\",\"@graph\":[{\"@type\":\"WebPage\",\"@id\":\"https:\\\/\\\/www.amsc.es\\\/index.php\\\/leche_lacteos\\\/\",\"url\":\"https:\\\/\\\/www.amsc.es\\\/index.php\\\/leche_lacteos\\\/\",\"name\":\"Alta Mora\u00f1a Sociedad Cooperativa - Leche y l\u00e1cteos\",\"isPartOf\":{\"@id\":\"https:\\\/\\\/www.amsc.es\\\/#website\"},\"primaryImageOfPage\":{\"@id\":\"https:\\\/\\\/www.amsc.es\\\/index.php\\\/leche_lacteos\\\/#primaryimage\"},\"image\":{\"@id\":\"https:\\\/\\\/www.amsc.es\\\/index.php\\\/leche_lacteos\\\/#primaryimage\"},\"thumbnailUrl\":\"https:\\\/\\\/www.amsc.es\\\/wp-content\\\/uploads\\\/2018\\\/05\\\/logo_tienda.png\",\"datePublished\":\"2018-05-22T08:45:06+00:00\",\"dateModified\":\"2020-11-06T09:32:16+00:00\",\"description\":\"Leche por encima de los est\u00e1ndares de calidad, postres l\u00e1cteos (yogur y arroz con leche) \u00fanicos fabricados con leche de vaca y oveja, y quesos exquisitos de todas las variedades.\",\"breadcrumb\":{\"@id\":\"https:\\\/\\\/www.amsc.es\\\/index.php\\\/leche_lacteos\\\/#breadcrumb\"},\"inLanguage\":\"es\",\"potentialAction\":[{\"@type\":\"ReadAction\",\"target\":[\"https:\\\/\\\/www.amsc.es\\\/index.php\\\/leche_lacteos\\\/\"]}]},{\"@type\":\"ImageObject\",\"inLanguage\":\"es\",\"@id\":\"https:\\\/\\\/www.amsc.es\\\/index.php\\\/leche_lacteos\\\/#primaryimage\",\"url\":\"https:\\\/\\\/www.amsc.es\\\/wp-content\\\/uploads\\\/2018\\\/05\\\/logo_tienda.png\",\"contentUrl\":\"https:\\\/\\\/www.amsc.es\\\/wp-content\\\/uploads\\\/2018\\\/05\\\/logo_tienda.png\",\"width\":200,\"height\":79},{\"@type\":\"BreadcrumbList\",\"@id\":\"https:\\\/\\\/www.amsc.es\\\/index.php\\\/leche_lacteos\\\/#breadcrumb\",\"itemListElement\":[{\"@type\":\"ListItem\",\"position\":1,\"name\":\"Portada\",\"item\":\"https:\\\/\\\/www.amsc.es\\\/\"},{\"@type\":\"ListItem\",\"position\":2,\"name\":\"Leche y l\u00e1cteos\"}]},{\"@type\":\"WebSite\",\"@id\":\"https:\\\/\\\/www.amsc.es\\\/#website\",\"url\":\"https:\\\/\\\/www.amsc.es\\\/\",\"name\":\"Alta Mora\u00f1a Sociedad Cooperativa\",\"description\":\"La mayor Cooperativa de la provincia de \u00c1vila y referencia como fabricante y distribuidor de piensos y productos l\u00e1cteos.\",\"potentialAction\":[{\"@type\":\"SearchAction\",\"target\":{\"@type\":\"EntryPoint\",\"urlTemplate\":\"https:\\\/\\\/www.amsc.es\\\/?s={search_term_string}\"},\"query-input\":{\"@type\":\"PropertyValueSpecification\",\"valueRequired\":true,\"valueName\":\"search_term_string\"}}],\"inLanguage\":\"es\"}]}<\/script>\n<!-- \/ Yoast SEO plugin. -->","yoast_head_json":{"title":"Alta Mora\u00f1a Sociedad Cooperativa - Leche y l\u00e1cteos","description":"Leche por encima de los est\u00e1ndares de calidad, postres l\u00e1cteos (yogur y arroz con leche) \u00fanicos fabricados con leche de vaca y oveja, y quesos exquisitos de todas las variedades.","robots":{"index":"index","follow":"follow","max-snippet":"max-snippet:-1","max-image-preview":"max-image-preview:large","max-video-preview":"max-video-preview:-1"},"canonical":"https:\/\/www.amsc.es\/index.php\/leche_lacteos\/","og_locale":"es_ES","og_type":"article","og_title":"Alta Mora\u00f1a Sociedad Cooperativa - Leche y l\u00e1cteos","og_description":"Leche por encima de los est\u00e1ndares de calidad, postres l\u00e1cteos (yogur y arroz con leche) \u00fanicos fabricados con leche de vaca y oveja, y quesos exquisitos de todas las variedades.","og_url":"https:\/\/www.amsc.es\/index.php\/leche_lacteos\/","og_site_name":"Alta Mora\u00f1a Sociedad Cooperativa","article_modified_time":"2020-11-06T09:32:16+00:00","og_image":[{"url":"https:\/\/www.amsc.es\/wp-content\/uploads\/2018\/05\/logo_tienda.png","type":"","width":"","height":""}],"twitter_card":"summary_large_image","twitter_misc":{"Tiempo de lectura":"4 minutos"},"schema":{"@context":"https:\/\/schema.org","@graph":[{"@type":"WebPage","@id":"https:\/\/www.amsc.es\/index.php\/leche_lacteos\/","url":"https:\/\/www.amsc.es\/index.php\/leche_lacteos\/","name":"Alta Mora\u00f1a Sociedad Cooperativa - Leche y l\u00e1cteos","isPartOf":{"@id":"https:\/\/www.amsc.es\/#website"},"primaryImageOfPage":{"@id":"https:\/\/www.amsc.es\/index.php\/leche_lacteos\/#primaryimage"},"image":{"@id":"https:\/\/www.amsc.es\/index.php\/leche_lacteos\/#primaryimage"},"thumbnailUrl":"https:\/\/www.amsc.es\/wp-content\/uploads\/2018\/05\/logo_tienda.png","datePublished":"2018-05-22T08:45:06+00:00","dateModified":"2020-11-06T09:32:16+00:00","description":"Leche por encima de los est\u00e1ndares de calidad, postres l\u00e1cteos (yogur y arroz con leche) \u00fanicos fabricados con leche de vaca y oveja, y quesos exquisitos de todas las variedades.","breadcrumb":{"@id":"https:\/\/www.amsc.es\/index.php\/leche_lacteos\/#breadcrumb"},"inLanguage":"es","potentialAction":[{"@type":"ReadAction","target":["https:\/\/www.amsc.es\/index.php\/leche_lacteos\/"]}]},{"@type":"ImageObject","inLanguage":"es","@id":"https:\/\/www.amsc.es\/index.php\/leche_lacteos\/#primaryimage","url":"https:\/\/www.amsc.es\/wp-content\/uploads\/2018\/05\/logo_tienda.png","contentUrl":"https:\/\/www.amsc.es\/wp-content\/uploads\/2018\/05\/logo_tienda.png","width":200,"height":79},{"@type":"BreadcrumbList","@id":"https:\/\/www.amsc.es\/index.php\/leche_lacteos\/#breadcrumb","itemListElement":[{"@type":"ListItem","position":1,"name":"Portada","item":"https:\/\/www.amsc.es\/"},{"@type":"ListItem","position":2,"name":"Leche y l\u00e1cteos"}]},{"@type":"WebSite","@id":"https:\/\/www.amsc.es\/#website","url":"https:\/\/www.amsc.es\/","name":"Alta Mora\u00f1a Sociedad Cooperativa","description":"La mayor Cooperativa de la provincia de \u00c1vila y referencia como fabricante y distribuidor de piensos y productos l\u00e1cteos.","potentialAction":[{"@type":"SearchAction","target":{"@type":"EntryPoint","urlTemplate":"https:\/\/www.amsc.es\/?s={search_term_string}"},"query-input":{"@type":"PropertyValueSpecification","valueRequired":true,"valueName":"search_term_string"}}],"inLanguage":"es"}]}},"_links":{"self":[{"href":"https:\/\/www.amsc.es\/index.php\/wp-json\/wp\/v2\/pages\/331","targetHints":{"allow":["GET"]}}],"collection":[{"href":"https:\/\/www.amsc.es\/index.php\/wp-json\/wp\/v2\/pages"}],"about":[{"href":"https:\/\/www.amsc.es\/index.php\/wp-json\/wp\/v2\/types\/page"}],"author":[{"embeddable":true,"href":"https:\/\/www.amsc.es\/index.php\/wp-json\/wp\/v2\/users\/1"}],"replies":[{"embeddable":true,"href":"https:\/\/www.amsc.es\/index.php\/wp-json\/wp\/v2\/comments?post=331"}],"version-history":[{"count":69,"href":"https:\/\/www.amsc.es\/index.php\/wp-json\/wp\/v2\/pages\/331\/revisions"}],"predecessor-version":[{"id":794,"href":"https:\/\/www.amsc.es\/index.php\/wp-json\/wp\/v2\/pages\/331\/revisions\/794"}],"wp:attachment":[{"href":"https:\/\/www.amsc.es\/index.php\/wp-json\/wp\/v2\/media?parent=331"}],"curies":[{"name":"wp","href":"https:\/\/api.w.org\/{rel}","templated":true}]}}