{"id":3,"date":"2018-05-19T09:58:04","date_gmt":"2018-05-19T09:58:04","guid":{"rendered":"http:\/\/www.amsc.es\/?page_id=3"},"modified":"2019-11-15T16:29:12","modified_gmt":"2019-11-15T16:29:12","slug":"politica-privacidad","status":"publish","type":"page","link":"https:\/\/www.amsc.es\/index.php\/politica-privacidad\/","title":{"rendered":"Pol\u00edtica de privacidad"},"content":{"rendered":"<p><strong>\u00bfQui\u00e9n es el Responsable del tratamiento de sus datos?<\/strong><\/p>\n<p>El presente documento constituye la Pol\u00edtica de Privacidad que aplica a todos los datos de car\u00e1cter personal que tratamos sobre Ud., tanto los recogidos en formato digital, como en otros soportes no digitales, como formularios en papel. A continuaci\u00f3n le informamos sobre los datos identificativos del RESPONSABLE del tratamiento:<\/p>\n<p><strong>\u00a0<\/strong><\/p>\n<p><strong>Responsable del tratamiento<\/strong>: ALTA MORA\u00d1A, SOCIEDAD COOPERATIVA<\/p>\n<p><strong>CIF.<\/strong> F05006812<\/p>\n<p><strong>Dir. postal<\/strong>: Cr. S. Pedro del Arroyo-Papatrigo, Km. 1. &#8211; 05350 S. Pedro del Arroyo (\u00c1vila)<\/p>\n<p><strong>Tel\u00e9fono<\/strong>: 920 24 02 82\u00a0\u00a0 <strong>Email<\/strong>: <a href=\"mailto:facturacion@amsc.es\">facturacion@amsc.es<\/a><\/p>\n<p><strong>Nombre de dominio: <\/strong>www.amsc.es<\/p>\n<p>Mediante los formularios de recogida de datos <strong>ALTA MORA\u00d1A, SOCIEDAD COOPERATIVA (en adelante ALTA MORA\u00d1A)<\/strong> proceder\u00e1 a informar a sus usuarios de las obligaciones expuestas en el Reglamento General de Protecci\u00f3n de Datos (Reglamento UE, 2016\/679, del Parlamento Europeo y del Consejo, de 27 de abril de 2016, relativo a la protecci\u00f3n de las personas f\u00edsicas en lo que respecta al tratamiento de datos personales y a la libre circulaci\u00f3n de estos datos y por el que se deroga la Directiva 95\/46\/CE). <strong>ALTA MORA\u00d1A<\/strong> garantiza que ha implementado pol\u00edticas t\u00e9cnicas y organizativas apropiadas para aplicar las medidas de seguridad que establece el Reglamento con el fin de proteger los derechos y libertades de los usuarios.<\/p>\n<p>En caso de no suministrar los datos personales que sean necesarios para la presentaci\u00f3n de servicio o consulta, <strong>ALTA MORA\u00d1A <\/strong>no podr\u00e1 gestionar el servicio o la consulta formulada por el usuario.<\/p>\n<p><strong>\u00a0<\/strong><\/p>\n<p><strong>\u00bfQu\u00e9 debe conocer el Usuario al dar sus datos?<\/strong><\/p>\n<p>El usuario garantiza que los datos que aportar\u00e1 son verdaderos, exactos, completos y se encuentran actualizados, siendo responsable de cualquier da\u00f1o o perjuicio, directo o indirecto, que pudiera ocasionarse como consecuencia del incumplimiento de tal obligaci\u00f3n.<\/p>\n<p>En caso de que el usuario aporte datos pertenecientes a un tercero, garantiza que ha informado a dicho tercero de la totalidad de aspectos contenidos en la presente Pol\u00edtica de Privacidad y obtenido su consentimiento para facilitarnos sus datos para la finalidad de tratamiento de que se trate; todo con car\u00e1cter previo al suministro de datos de un tercero a trav\u00e9s de la p\u00e1gina web.<\/p>\n<p>En el supuesto que alguno de los servicios y productos vayan dirigidos a menores de 14 a\u00f1os, <strong>ALTA MORA\u00d1A <\/strong>solicitar\u00e1 el consentimiento de los padres o tutores para la recogida de los datos personales del menor.<\/p>\n<p><strong>\u00a0<\/strong><\/p>\n<p><strong>\u00bfCon qu\u00e9 finalidad se tratan sus datos personales?<\/strong><\/p>\n<p><strong>\u00a0\u00a0\u00a0\u00a0\u00a0\u00a0\u00a0\u00a0\u00a0\u00a0\u00a0 <\/strong><strong>ALTA MORA\u00d1A <\/strong>tratar\u00e1 sus datos con el objeto de atender las consultas, peticiones de informaci\u00f3n o prestaci\u00f3n de servicios realizadas a trav\u00e9s del presente sitio web; adem\u00e1s, si otorga su consentimiento para el env\u00edo de comunicaciones comerciales, promociones e informaci\u00f3n de su inter\u00e9s, se le podr\u00e1 enviar informaci\u00f3n de car\u00e1cter comercial y\/o publicitario por los canales de comunicaci\u00f3n habituales. No obstante, dicho consentimiento, podr\u00e1 revocarlo en cualquier momento a trav\u00e9s de los medios proporcionados a tal fin.<\/p>\n<p>Trataremos sus datos asimismo para la gesti\u00f3n comercial, administrativa, contable y fiscal, conforme a la normativa vigente y en funci\u00f3n de la informaci\u00f3n facilitada y autorizaci\u00f3n otorgada.<\/p>\n<p><strong>\u00a0<\/strong><\/p>\n<p><strong>\u00bfCu\u00e1l es la legitimaci\u00f3n para el tratamiento de sus Datos Personales?<\/strong><\/p>\n<p>Su consentimiento expreso, para la prestaci\u00f3n de los bienes y servicios solicitados, y para por ejemplo, ofrecerle -incluso por v\u00eda electr\u00f3nica- productos y servicios de <strong>ALTA MORA\u00d1A<\/strong> que pudieran ser de su inter\u00e9s.<\/p>\n<p>Para poder llevar a t\u00e9rmino el contrato de prestaci\u00f3n de bienes y\/o servicios suscrito con Ud.<\/p>\n<p>Cumplimiento de obligaciones que le correspondan a <strong>ALTA MORA\u00d1A <\/strong>por mandato legal. (Cumplir con las obligaciones establecidas en la normativa tributaria y en materia de protecci\u00f3n de datos de car\u00e1cter personal o en la de servicios de la sociedad de la informaci\u00f3n).<\/p>\n<p>Por inter\u00e9s leg\u00edtimo para dicho tratamiento de datos como puede ser los fines administrativos internos de <strong>ALTA MORA\u00d1A <\/strong>o para que podamos atender mejor sus expectativas y mejoremos su grado de satisfacci\u00f3n como cliente.<\/p>\n<p><strong>\u00a0<\/strong><\/p>\n<p><strong>\u00bfPor cu\u00e1nto tiempo se conservar\u00e1n sus datos?<\/strong><\/p>\n<p>Los datos personales proporcionados se conservar\u00e1n mientras exista un inter\u00e9s mutuo para mantener la relaci\u00f3n comercial o durante los a\u00f1os necesarios para cumplir con las obligaciones legales, y cuando ya no sean necesarios para tal fin, se suprimir\u00e1n con medidas de seguridad adecuadas para garantizar la seudonimizaci\u00f3n de los datos o la destrucci\u00f3n total de los mismos.<\/p>\n<p>No obstante, cuando nos solicite por los medios establecidos la supresi\u00f3n de sus datos, estos se mantendr\u00e1n debidamente bloqueados sin que los usemos, mientras puedan ser necesarios para el ejercicio o defensa de reclamaciones o pueda derivarse de su tratamiento alg\u00fan tipo de responsabilidad legal o contractual para lo cual sea necesaria su recuperaci\u00f3n. Una vez transcurrido este plazo de tiempo, sus datos ser\u00e1n eliminados definitivamente.<\/p>\n<p><strong>\u00bfA qu\u00e9 destinatarios se comunicar\u00e1n sus datos?\u00a0<\/strong><\/p>\n<p><strong>\u00a0\u00a0\u00a0\u00a0\u00a0\u00a0\u00a0\u00a0\u00a0\u00a0\u00a0 <\/strong><strong>ALTA MORA\u00d1A <\/strong>no podr\u00e1 ceder los datos personales facilitados a terceros, salvo a aquellas entidades y organismos necesarios para la gesti\u00f3n de los servicios prestados o en el caso de que exista una obligaci\u00f3n legal.<\/p>\n<p><strong>\u00a0<\/strong><\/p>\n<p><strong>\u00bfCu\u00e1les son sus derechos en materia de protecci\u00f3n de datos?<\/strong><strong>\u00a0<\/strong><\/p>\n<p>Usted tiene derecho a retirar el consentimiento prestado en cualquier momento. Igualmente, podr\u00e1 ejercitar su derecho de acceso, rectificaci\u00f3n, supresi\u00f3n, limitaci\u00f3n, oposici\u00f3n a su tratamiento, o portabilidad de datos.<\/p>\n<p><strong>Acceso:\u00a0<\/strong>El interesado tendr\u00e1 derecho a que <strong>ALTA MORA\u00d1A<\/strong> le comunique si se est\u00e1n tratando o no sus datos personales, y en caso de que se confirme el tratamiento, posibilitar\u00e1 su acceso facilit\u00e1ndole la informaci\u00f3n del tratamiento.<\/p>\n<p><strong>\u00a0\u00a0\u00a0\u00a0\u00a0\u00a0\u00a0\u00a0\u00a0\u00a0\u00a0 Rectificaci\u00f3n:\u00a0<\/strong>El interesado tendr\u00e1 derecho a que <strong>ALTA MORA\u00d1A <\/strong>rectifique sus datos sin demora injustificada cuando resulten inexactos o incompletos mediante una declaraci\u00f3n rectificativa adicional.<\/p>\n<p><strong>\u00a0\u00a0\u00a0\u00a0\u00a0\u00a0\u00a0\u00a0\u00a0\u00a0\u00a0 Supresi\u00f3n:\u00a0<\/strong>El interesado tendr\u00e1 derecho a que <strong>ALTA MORA\u00d1A <\/strong>suprima sus datos sin demora injustificada.<\/p>\n<p><strong>Oposici\u00f3n:\u00a0<\/strong>El interesado tendr\u00e1 derecho a oponerse al tratamiento de sus datos realizado por <strong>ALTA MORA\u00d1A<\/strong> por motivos relacionados con su situaci\u00f3n particular.<\/p>\n<p><strong>Limitaci\u00f3n:\u00a0<\/strong>El interesado tendr\u00e1 derecho a que <strong>ALTA MORA\u00d1A<\/strong> marque sus datos con el fin de limitar el tratamiento.<\/p>\n<p><strong>Portabilidad:\u00a0<\/strong>El interesado tendr\u00e1 derecho a que <strong>ALTA MORA\u00d1A<\/strong> transmita sus datos a otro RESPONSABLE o al mismo interesado, mediante un formato estructurado de uso habitual y lectura mec\u00e1nica.<\/p>\n<p><strong>Decisiones automatizadas:\u00a0<\/strong>El interesado tendr\u00e1 derecho a no ser objeto de una elaboraci\u00f3n de perfiles cuya finalidad sea adoptar decisiones individuales basadas en un tratamiento AUTOMATIZADO de datos.<\/p>\n<p>Podr\u00e1 enviar su solicitud a <strong>ALTA MORA\u00d1A<\/strong>, sita en Cr. S. Pedro del Arroyo-Papatrigo, Km. 1. &#8211; 05350 S. Pedro del Arroyo (\u00c1vila), o bien al email <a href=\"mailto:facturacion@amsc.es\">facturacion@amsc.es<\/a>.<\/p>\n<p>Deber\u00e1 acompa\u00f1ar a su solicitud una copia de su DNI o documento equivalente acreditativo de su identidad. Podremos solicitarle documentaci\u00f3n adicional en el caso de que la solicitud se realice para un menor de edad o incapaz, por representaci\u00f3n o con respecto a una persona fallecida.<\/p>\n<p>Adicionalmente, Ud. tendr\u00e1 derecho a presentar una reclamaci\u00f3n ante la Autoridad de control (<a href=\"http:\/\/www.agpd.es\/\">www.aepd.es<\/a>) si\u00a0considera que el tratamiento no se ajusta a la normativa vigente.<\/p>\n<p><strong>\u00a0<\/strong><\/p>\n<p><strong>MEDIDAS DE SEGURIDAD DE NUESTRA P\u00c1GINA WEB<\/strong><\/p>\n<p>El sitio web utiliza t\u00e9cnicas de seguridad de la informaci\u00f3n generalmente aceptadas en la industria, tales como firewalls, procedimientos de control de acceso y mecanismos criptogr\u00e1ficos, todo ello con el objeto de evitar el acceso no autorizado a los datos. Para lograr estos fines, el usuario\/cliente acepta que el prestador obtenga datos para efectos de la correspondiente autenticaci\u00f3n de los controles de acceso.<\/p>\n","protected":false},"excerpt":{"rendered":"<p>\u00bfQui\u00e9n es el Responsable del tratamiento de sus datos? El presente documento constituye la Pol\u00edtica de Privacidad que aplica a todos los datos de car\u00e1cter personal que tratamos sobre Ud., tanto los recogidos en formato digital, como en otros soportes no digitales, como formularios en&#8230;<\/p>\n","protected":false},"author":1,"featured_media":0,"parent":0,"menu_order":0,"comment_status":"closed","ping_status":"open","template":"","meta":{"footnotes":""},"class_list":["post-3","page","type-page","status-publish","hentry"],"yoast_head":"<!-- This site is optimized with the Yoast SEO plugin v27.4 - https:\/\/yoast.com\/product\/yoast-seo-wordpress\/ -->\n<title>Pol\u00edtica de privacidad - Alta Mora\u00f1a Sociedad Cooperativa<\/title>\n<meta name=\"robots\" content=\"index, follow, max-snippet:-1, max-image-preview:large, max-video-preview:-1\" \/>\n<link rel=\"canonical\" href=\"https:\/\/www.amsc.es\/index.php\/politica-privacidad\/\" \/>\n<meta property=\"og:locale\" content=\"es_ES\" \/>\n<meta property=\"og:type\" content=\"article\" \/>\n<meta property=\"og:title\" content=\"Pol\u00edtica de privacidad - Alta Mora\u00f1a Sociedad Cooperativa\" \/>\n<meta property=\"og:description\" content=\"\u00bfQui\u00e9n es el Responsable del tratamiento de sus datos? El presente documento constituye la Pol\u00edtica de Privacidad que aplica a todos los datos de car\u00e1cter personal que tratamos sobre Ud., tanto los recogidos en formato digital, como en otros soportes no digitales, como formularios en...\" \/>\n<meta property=\"og:url\" content=\"https:\/\/www.amsc.es\/index.php\/politica-privacidad\/\" \/>\n<meta property=\"og:site_name\" content=\"Alta Mora\u00f1a Sociedad Cooperativa\" \/>\n<meta property=\"article:modified_time\" content=\"2019-11-15T16:29:12+00:00\" \/>\n<meta name=\"twitter:card\" content=\"summary_large_image\" \/>\n<meta name=\"twitter:label1\" content=\"Tiempo de lectura\" \/>\n\t<meta name=\"twitter:data1\" content=\"7 minutos\" \/>\n<script type=\"application\/ld+json\" class=\"yoast-schema-graph\">{\"@context\":\"https:\\\/\\\/schema.org\",\"@graph\":[{\"@type\":\"WebPage\",\"@id\":\"https:\\\/\\\/www.amsc.es\\\/index.php\\\/politica-privacidad\\\/\",\"url\":\"https:\\\/\\\/www.amsc.es\\\/index.php\\\/politica-privacidad\\\/\",\"name\":\"Pol\u00edtica de privacidad - Alta Mora\u00f1a Sociedad Cooperativa\",\"isPartOf\":{\"@id\":\"https:\\\/\\\/www.amsc.es\\\/#website\"},\"datePublished\":\"2018-05-19T09:58:04+00:00\",\"dateModified\":\"2019-11-15T16:29:12+00:00\",\"breadcrumb\":{\"@id\":\"https:\\\/\\\/www.amsc.es\\\/index.php\\\/politica-privacidad\\\/#breadcrumb\"},\"inLanguage\":\"es\",\"potentialAction\":[{\"@type\":\"ReadAction\",\"target\":[\"https:\\\/\\\/www.amsc.es\\\/index.php\\\/politica-privacidad\\\/\"]}]},{\"@type\":\"BreadcrumbList\",\"@id\":\"https:\\\/\\\/www.amsc.es\\\/index.php\\\/politica-privacidad\\\/#breadcrumb\",\"itemListElement\":[{\"@type\":\"ListItem\",\"position\":1,\"name\":\"Portada\",\"item\":\"https:\\\/\\\/www.amsc.es\\\/\"},{\"@type\":\"ListItem\",\"position\":2,\"name\":\"Pol\u00edtica de privacidad\"}]},{\"@type\":\"WebSite\",\"@id\":\"https:\\\/\\\/www.amsc.es\\\/#website\",\"url\":\"https:\\\/\\\/www.amsc.es\\\/\",\"name\":\"Alta Mora\u00f1a Sociedad Cooperativa\",\"description\":\"La mayor Cooperativa de la provincia de \u00c1vila y referencia como fabricante y distribuidor de piensos y productos l\u00e1cteos.\",\"potentialAction\":[{\"@type\":\"SearchAction\",\"target\":{\"@type\":\"EntryPoint\",\"urlTemplate\":\"https:\\\/\\\/www.amsc.es\\\/?s={search_term_string}\"},\"query-input\":{\"@type\":\"PropertyValueSpecification\",\"valueRequired\":true,\"valueName\":\"search_term_string\"}}],\"inLanguage\":\"es\"}]}<\/script>\n<!-- \/ Yoast SEO plugin. -->","yoast_head_json":{"title":"Pol\u00edtica de privacidad - Alta Mora\u00f1a Sociedad Cooperativa","robots":{"index":"index","follow":"follow","max-snippet":"max-snippet:-1","max-image-preview":"max-image-preview:large","max-video-preview":"max-video-preview:-1"},"canonical":"https:\/\/www.amsc.es\/index.php\/politica-privacidad\/","og_locale":"es_ES","og_type":"article","og_title":"Pol\u00edtica de privacidad - Alta Mora\u00f1a Sociedad Cooperativa","og_description":"\u00bfQui\u00e9n es el Responsable del tratamiento de sus datos? El presente documento constituye la Pol\u00edtica de Privacidad que aplica a todos los datos de car\u00e1cter personal que tratamos sobre Ud., tanto los recogidos en formato digital, como en otros soportes no digitales, como formularios en...","og_url":"https:\/\/www.amsc.es\/index.php\/politica-privacidad\/","og_site_name":"Alta Mora\u00f1a Sociedad Cooperativa","article_modified_time":"2019-11-15T16:29:12+00:00","twitter_card":"summary_large_image","twitter_misc":{"Tiempo de lectura":"7 minutos"},"schema":{"@context":"https:\/\/schema.org","@graph":[{"@type":"WebPage","@id":"https:\/\/www.amsc.es\/index.php\/politica-privacidad\/","url":"https:\/\/www.amsc.es\/index.php\/politica-privacidad\/","name":"Pol\u00edtica de privacidad - Alta Mora\u00f1a Sociedad Cooperativa","isPartOf":{"@id":"https:\/\/www.amsc.es\/#website"},"datePublished":"2018-05-19T09:58:04+00:00","dateModified":"2019-11-15T16:29:12+00:00","breadcrumb":{"@id":"https:\/\/www.amsc.es\/index.php\/politica-privacidad\/#breadcrumb"},"inLanguage":"es","potentialAction":[{"@type":"ReadAction","target":["https:\/\/www.amsc.es\/index.php\/politica-privacidad\/"]}]},{"@type":"BreadcrumbList","@id":"https:\/\/www.amsc.es\/index.php\/politica-privacidad\/#breadcrumb","itemListElement":[{"@type":"ListItem","position":1,"name":"Portada","item":"https:\/\/www.amsc.es\/"},{"@type":"ListItem","position":2,"name":"Pol\u00edtica de privacidad"}]},{"@type":"WebSite","@id":"https:\/\/www.amsc.es\/#website","url":"https:\/\/www.amsc.es\/","name":"Alta Mora\u00f1a Sociedad Cooperativa","description":"La mayor Cooperativa de la provincia de \u00c1vila y referencia como fabricante y distribuidor de piensos y productos l\u00e1cteos.","potentialAction":[{"@type":"SearchAction","target":{"@type":"EntryPoint","urlTemplate":"https:\/\/www.amsc.es\/?s={search_term_string}"},"query-input":{"@type":"PropertyValueSpecification","valueRequired":true,"valueName":"search_term_string"}}],"inLanguage":"es"}]}},"_links":{"self":[{"href":"https:\/\/www.amsc.es\/index.php\/wp-json\/wp\/v2\/pages\/3","targetHints":{"allow":["GET"]}}],"collection":[{"href":"https:\/\/www.amsc.es\/index.php\/wp-json\/wp\/v2\/pages"}],"about":[{"href":"https:\/\/www.amsc.es\/index.php\/wp-json\/wp\/v2\/types\/page"}],"author":[{"embeddable":true,"href":"https:\/\/www.amsc.es\/index.php\/wp-json\/wp\/v2\/users\/1"}],"replies":[{"embeddable":true,"href":"https:\/\/www.amsc.es\/index.php\/wp-json\/wp\/v2\/comments?post=3"}],"version-history":[{"count":3,"href":"https:\/\/www.amsc.es\/index.php\/wp-json\/wp\/v2\/pages\/3\/revisions"}],"predecessor-version":[{"id":654,"href":"https:\/\/www.amsc.es\/index.php\/wp-json\/wp\/v2\/pages\/3\/revisions\/654"}],"wp:attachment":[{"href":"https:\/\/www.amsc.es\/index.php\/wp-json\/wp\/v2\/media?parent=3"}],"curies":[{"name":"wp","href":"https:\/\/api.w.org\/{rel}","templated":true}]}}