{"id":201,"date":"2018-01-23T15:37:09","date_gmt":"2018-01-23T15:37:09","guid":{"rendered":"http:\/\/bridge136.qodeinteractive.com\/?page_id=201"},"modified":"2020-11-06T09:19:38","modified_gmt":"2020-11-06T09:19:38","slug":"piensos","status":"publish","type":"page","link":"https:\/\/www.amsc.es\/index.php\/piensos\/","title":{"rendered":"Piensos"},"content":{"rendered":"<div class=\"wpb-content-wrapper\"><p>[vc_row css_animation=\u00bb\u00bb row_type=\u00bbrow\u00bb use_row_as_full_screen_section=\u00bbno\u00bb type=\u00bbfull_width\u00bb angled_section=\u00bbno\u00bb text_align=\u00bbleft\u00bb background_image_as_pattern=\u00bbwithout_pattern\u00bb z_index=\u00bb\u00bb][vc_column][vc_single_image image=\u00bb736&#8243; img_size=\u00bb1600&#215;500&#8243; alignment=\u00bbcenter\u00bb qode_css_animation=\u00bb\u00bb][\/vc_column][\/vc_row][vc_row css_animation=\u00bb\u00bb row_type=\u00bbrow\u00bb use_row_as_full_screen_section=\u00bbno\u00bb type=\u00bbgrid\u00bb angled_section=\u00bbno\u00bb text_align=\u00bbcenter\u00bb background_image_as_pattern=\u00bbwithout_pattern\u00bb z_index=\u00bb\u00bb][vc_column offset=\u00bbvc_col-lg-offset-2 vc_col-lg-8&#8243; css=\u00bb.vc_custom_1599725592662{margin-top: -30px !important;}\u00bb][qode_elements_holder number_of_columns=\u00bbone_column\u00bb][qode_elements_holder_item background_color=\u00bb#ffffff\u00bb item_padding=\u00bb42px 88px 59px 88px\u00bb advanced_animations=\u00bbno\u00bb item_padding_1280_1440=\u00bb42px 66px 59px 66px\u00bb item_padding_480=\u00bb71px 20px 59px 23px\u00bb][vc_column_text]<\/p>\n<h1>Piensos<\/h1>\n<p>[\/vc_column_text][vc_column_text]<\/p>\n<h5>Amplia gama de piensos para todas las especies, en particular de vacuno de leche y carne con piensos para todas las necesidades y asesoramiento personalizado en nutrici\u00f3n.<\/h5>\n<p><img loading=\"lazy\" decoding=\"async\" class=\"alignnone wp-image-234\" src=\"https:\/\/www.amsc.es\/wp-content\/uploads\/2018\/05\/Logo-AM-300x132.jpg\" alt=\"\" width=\"200\" height=\"88\" \/>[\/vc_column_text][\/qode_elements_holder_item][\/qode_elements_holder][\/vc_column][\/vc_row][vc_row css_animation=\u00bb\u00bb row_type=\u00bbrow\u00bb use_row_as_full_screen_section=\u00bbno\u00bb type=\u00bbfull_width\u00bb angled_section=\u00bbno\u00bb text_align=\u00bbleft\u00bb background_image_as_pattern=\u00bbwithout_pattern\u00bb css=\u00bb.vc_custom_1604653981663{padding-right: 350px !important;padding-left: 350px !important;}\u00bb z_index=\u00bb\u00bb][vc_column offset=\u00bbvc_col-sm-offset-0 vc_hidden-sm vc_hidden-xs\u00bb][vc_video link=\u00bbhttps:\/\/www.youtube.com\/watch?v=nm0oRQZG5xA\u00bb][\/vc_column][\/vc_row][vc_row css_animation=\u00bb\u00bb row_type=\u00bbrow\u00bb use_row_as_full_screen_section=\u00bbno\u00bb type=\u00bbfull_width\u00bb angled_section=\u00bbno\u00bb text_align=\u00bbleft\u00bb background_image_as_pattern=\u00bbwithout_pattern\u00bb z_index=\u00bb\u00bb][vc_column offset=\u00bbvc_hidden-lg vc_hidden-md vc_col-sm-offset-0&#8243;][vc_video link=\u00bbhttps:\/\/www.youtube.com\/watch?v=nm0oRQZG5xA\u00bb][\/vc_column][\/vc_row][vc_row css_animation=\u00bb\u00bb row_type=\u00bbrow\u00bb use_row_as_full_screen_section=\u00bbno\u00bb type=\u00bbfull_width\u00bb angled_section=\u00bbno\u00bb text_align=\u00bbleft\u00bb background_image_as_pattern=\u00bbwithout_pattern\u00bb z_index=\u00bb\u00bb][vc_column][vc_row_inner row_type=\u00bbrow\u00bb type=\u00bbgrid\u00bb text_align=\u00bbleft\u00bb css_animation=\u00bb\u00bb css=\u00bb.vc_custom_1516630400589{padding-top: 88px !important;padding-bottom: 163px !important;}\u00bb][vc_column_inner width=\u00bb1\/2&#8243; offset=\u00bbvc_col-lg-6 vc_col-md-6&#8243; css=\u00bb.vc_custom_1526975446984{padding-right: 75px !important;}\u00bb][vc_column_text]<\/p>\n<h1>Elaboraciones<\/h1>\n<p>[\/vc_column_text][vc_empty_space height=\u00bb22px\u00bb][vc_column_text]Actualmente se fabrican piensos para vacuno de leche, vacuno de cebo, vacuno extensivo, ovejas, cabras, cerdos, caballos, conejos, gallinas, pollos y pavos. Asimismo, se comercializan piensos para perros y gatos.<\/p>\n<p>&nbsp;<\/p>\n<p>Se trata de piensos a la carta, es decir piensos formulados pensando en las necesidades concretas que tiene cada explotaci\u00f3n en las diferentes etapas de producci\u00f3n de los animales.[\/vc_column_text][vc_empty_space height=\u00bb42px\u00bb][vc_single_image image=\u00bb738&#8243; img_size=\u00bblarge\u00bb style=\u00bbvc_box_rounded\u00bb qode_css_animation=\u00bbelement_from_left\u00bb qode_hover_animation=\u00bbzoom_in\u00bb][\/vc_column_inner][vc_column_inner width=\u00bb1\/2&#8243;][vc_column_text]<\/p>\n<h1>Tipos de piensos<\/h1>\n<p>[\/vc_column_text][vc_empty_space height=\u00bb22px\u00bb][vc_column_text]<\/p>\n<h3><span style=\"color: #800000;\">amplia gama de productos<\/span><\/h3>\n<p>[\/vc_column_text][vc_empty_space height=\u00bb22px\u00bb][vc_column_text]\u2013 Mezclas unifeed con\/sin forraje.<\/p>\n<p>\u2013 Piensos vacas lecheras.<\/p>\n<p>\u2013 Piensos cebo vacuno con\/sin vitamina E.<\/p>\n<p>\u2013 N\u00facleos (piensos espec\u00edficos para cada cliente)<\/p>\n<p>\u2013 Pienso vacuno crecimiento, vacuno finalizaci\u00f3n.<\/p>\n<p>\u2013 Pienso ovino lactaci\u00f3n, preparto, mantenimiento, recr\u00eda.<\/p>\n<p>\u2013 Pienso cerdos iniciaci\u00f3n, cr\u00eda, gestaci\u00f3n, lactaci\u00f3n, crecimiento, terminaci\u00f3n.<\/p>\n<p>\u2013 Pienso cabras lactaci\u00f3n, recr\u00eda.<\/p>\n<p>\u2013 Pienso caballos.<\/p>\n<p>\u2013 Pienso conejos<\/p>\n<p>\u2013 Pienso gallinas.<\/p>\n<p>\u2013 Pienso pollos.[\/vc_column_text][vc_empty_space height=\u00bb42px\u00bb][\/vc_column_inner][\/vc_row_inner][\/vc_column][\/vc_row]<\/p>\n<\/div>","protected":false},"excerpt":{"rendered":"<p>[vc_row css_animation=\u00bb\u00bb row_type=\u00bbrow\u00bb use_row_as_full_screen_section=\u00bbno\u00bb type=\u00bbfull_width\u00bb angled_section=\u00bbno\u00bb text_align=\u00bbleft\u00bb background_image_as_pattern=\u00bbwithout_pattern\u00bb z_index=\u00bb\u00bb][vc_column][vc_single_image image=\u00bb736&#8243; img_size=\u00bb1600&#215;500&#8243; alignment=\u00bbcenter\u00bb qode_css_animation=\u00bb\u00bb][\/vc_column][\/vc_row][vc_row css_animation=\u00bb\u00bb row_type=\u00bbrow\u00bb use_row_as_full_screen_section=\u00bbno\u00bb type=\u00bbgrid\u00bb angled_section=\u00bbno\u00bb text_align=\u00bbcenter\u00bb background_image_as_pattern=\u00bbwithout_pattern\u00bb z_index=\u00bb\u00bb][vc_column offset=\u00bbvc_col-lg-offset-2 vc_col-lg-8&#8243; css=\u00bb.vc_custom_1599725592662{margin-top: -30px !important;}\u00bb][qode_elements_holder number_of_columns=\u00bbone_column\u00bb][qode_elements_holder_item background_color=\u00bb#ffffff\u00bb item_padding=\u00bb42px 88px 59px 88px\u00bb advanced_animations=\u00bbno\u00bb item_padding_1280_1440=\u00bb42px 66px 59px 66px\u00bb item_padding_480=\u00bb71px 20px 59px 23px\u00bb][vc_column_text] Piensos [\/vc_column_text][vc_column_text] Amplia gama&#8230;<\/p>\n","protected":false},"author":1,"featured_media":0,"parent":0,"menu_order":0,"comment_status":"closed","ping_status":"closed","template":"full_width.php","meta":{"footnotes":""},"class_list":["post-201","page","type-page","status-publish","hentry"],"yoast_head":"<!-- This site is optimized with the Yoast SEO plugin v27.4 - https:\/\/yoast.com\/product\/yoast-seo-wordpress\/ -->\n<title>Alta Mora\u00f1a Sociedad Cooperativa - Nuestros piensos<\/title>\n<meta name=\"description\" content=\"Amplia gama de piensos para todas las especies, en particular de vacuno de leche y carne con piensos para todas las necesidades y asesoramiento personalizado en nutrici\u00f3n.\" \/>\n<meta name=\"robots\" content=\"index, follow, max-snippet:-1, max-image-preview:large, max-video-preview:-1\" \/>\n<link rel=\"canonical\" href=\"https:\/\/www.amsc.es\/index.php\/piensos\/\" \/>\n<meta property=\"og:locale\" content=\"es_ES\" \/>\n<meta property=\"og:type\" content=\"article\" \/>\n<meta property=\"og:title\" content=\"Alta Mora\u00f1a Sociedad Cooperativa - Nuestros piensos\" \/>\n<meta property=\"og:description\" content=\"Amplia gama de piensos para todas las especies, en particular de vacuno de leche y carne con piensos para todas las necesidades y asesoramiento personalizado en nutrici\u00f3n.\" \/>\n<meta property=\"og:url\" content=\"https:\/\/www.amsc.es\/index.php\/piensos\/\" \/>\n<meta property=\"og:site_name\" content=\"Alta Mora\u00f1a Sociedad Cooperativa\" \/>\n<meta property=\"article:modified_time\" content=\"2020-11-06T09:19:38+00:00\" \/>\n<meta property=\"og:image\" content=\"https:\/\/www.amsc.es\/wp-content\/uploads\/2018\/05\/Logo-AM-300x132.jpg\" \/>\n<meta name=\"twitter:card\" content=\"summary_large_image\" \/>\n<meta name=\"twitter:label1\" content=\"Tiempo de lectura\" \/>\n\t<meta name=\"twitter:data1\" content=\"3 minutos\" \/>\n<script type=\"application\/ld+json\" class=\"yoast-schema-graph\">{\"@context\":\"https:\\\/\\\/schema.org\",\"@graph\":[{\"@type\":\"WebPage\",\"@id\":\"https:\\\/\\\/www.amsc.es\\\/index.php\\\/piensos\\\/\",\"url\":\"https:\\\/\\\/www.amsc.es\\\/index.php\\\/piensos\\\/\",\"name\":\"Alta Mora\u00f1a Sociedad Cooperativa - Nuestros piensos\",\"isPartOf\":{\"@id\":\"https:\\\/\\\/www.amsc.es\\\/#website\"},\"primaryImageOfPage\":{\"@id\":\"https:\\\/\\\/www.amsc.es\\\/index.php\\\/piensos\\\/#primaryimage\"},\"image\":{\"@id\":\"https:\\\/\\\/www.amsc.es\\\/index.php\\\/piensos\\\/#primaryimage\"},\"thumbnailUrl\":\"https:\\\/\\\/www.amsc.es\\\/wp-content\\\/uploads\\\/2018\\\/05\\\/Logo-AM-300x132.jpg\",\"datePublished\":\"2018-01-23T15:37:09+00:00\",\"dateModified\":\"2020-11-06T09:19:38+00:00\",\"description\":\"Amplia gama de piensos para todas las especies, en particular de vacuno de leche y carne con piensos para todas las necesidades y asesoramiento personalizado en nutrici\u00f3n.\",\"breadcrumb\":{\"@id\":\"https:\\\/\\\/www.amsc.es\\\/index.php\\\/piensos\\\/#breadcrumb\"},\"inLanguage\":\"es\",\"potentialAction\":[{\"@type\":\"ReadAction\",\"target\":[\"https:\\\/\\\/www.amsc.es\\\/index.php\\\/piensos\\\/\"]}]},{\"@type\":\"ImageObject\",\"inLanguage\":\"es\",\"@id\":\"https:\\\/\\\/www.amsc.es\\\/index.php\\\/piensos\\\/#primaryimage\",\"url\":\"https:\\\/\\\/www.amsc.es\\\/wp-content\\\/uploads\\\/2018\\\/05\\\/Logo-AM.jpg\",\"contentUrl\":\"https:\\\/\\\/www.amsc.es\\\/wp-content\\\/uploads\\\/2018\\\/05\\\/Logo-AM.jpg\",\"width\":300,\"height\":132},{\"@type\":\"BreadcrumbList\",\"@id\":\"https:\\\/\\\/www.amsc.es\\\/index.php\\\/piensos\\\/#breadcrumb\",\"itemListElement\":[{\"@type\":\"ListItem\",\"position\":1,\"name\":\"Portada\",\"item\":\"https:\\\/\\\/www.amsc.es\\\/\"},{\"@type\":\"ListItem\",\"position\":2,\"name\":\"Piensos\"}]},{\"@type\":\"WebSite\",\"@id\":\"https:\\\/\\\/www.amsc.es\\\/#website\",\"url\":\"https:\\\/\\\/www.amsc.es\\\/\",\"name\":\"Alta Mora\u00f1a Sociedad Cooperativa\",\"description\":\"La mayor Cooperativa de la provincia de \u00c1vila y referencia como fabricante y distribuidor de piensos y productos l\u00e1cteos.\",\"potentialAction\":[{\"@type\":\"SearchAction\",\"target\":{\"@type\":\"EntryPoint\",\"urlTemplate\":\"https:\\\/\\\/www.amsc.es\\\/?s={search_term_string}\"},\"query-input\":{\"@type\":\"PropertyValueSpecification\",\"valueRequired\":true,\"valueName\":\"search_term_string\"}}],\"inLanguage\":\"es\"}]}<\/script>\n<!-- \/ Yoast SEO plugin. -->","yoast_head_json":{"title":"Alta Mora\u00f1a Sociedad Cooperativa - Nuestros piensos","description":"Amplia gama de piensos para todas las especies, en particular de vacuno de leche y carne con piensos para todas las necesidades y asesoramiento personalizado en nutrici\u00f3n.","robots":{"index":"index","follow":"follow","max-snippet":"max-snippet:-1","max-image-preview":"max-image-preview:large","max-video-preview":"max-video-preview:-1"},"canonical":"https:\/\/www.amsc.es\/index.php\/piensos\/","og_locale":"es_ES","og_type":"article","og_title":"Alta Mora\u00f1a Sociedad Cooperativa - Nuestros piensos","og_description":"Amplia gama de piensos para todas las especies, en particular de vacuno de leche y carne con piensos para todas las necesidades y asesoramiento personalizado en nutrici\u00f3n.","og_url":"https:\/\/www.amsc.es\/index.php\/piensos\/","og_site_name":"Alta Mora\u00f1a Sociedad Cooperativa","article_modified_time":"2020-11-06T09:19:38+00:00","og_image":[{"url":"https:\/\/www.amsc.es\/wp-content\/uploads\/2018\/05\/Logo-AM-300x132.jpg","type":"","width":"","height":""}],"twitter_card":"summary_large_image","twitter_misc":{"Tiempo de lectura":"3 minutos"},"schema":{"@context":"https:\/\/schema.org","@graph":[{"@type":"WebPage","@id":"https:\/\/www.amsc.es\/index.php\/piensos\/","url":"https:\/\/www.amsc.es\/index.php\/piensos\/","name":"Alta Mora\u00f1a Sociedad Cooperativa - Nuestros piensos","isPartOf":{"@id":"https:\/\/www.amsc.es\/#website"},"primaryImageOfPage":{"@id":"https:\/\/www.amsc.es\/index.php\/piensos\/#primaryimage"},"image":{"@id":"https:\/\/www.amsc.es\/index.php\/piensos\/#primaryimage"},"thumbnailUrl":"https:\/\/www.amsc.es\/wp-content\/uploads\/2018\/05\/Logo-AM-300x132.jpg","datePublished":"2018-01-23T15:37:09+00:00","dateModified":"2020-11-06T09:19:38+00:00","description":"Amplia gama de piensos para todas las especies, en particular de vacuno de leche y carne con piensos para todas las necesidades y asesoramiento personalizado en nutrici\u00f3n.","breadcrumb":{"@id":"https:\/\/www.amsc.es\/index.php\/piensos\/#breadcrumb"},"inLanguage":"es","potentialAction":[{"@type":"ReadAction","target":["https:\/\/www.amsc.es\/index.php\/piensos\/"]}]},{"@type":"ImageObject","inLanguage":"es","@id":"https:\/\/www.amsc.es\/index.php\/piensos\/#primaryimage","url":"https:\/\/www.amsc.es\/wp-content\/uploads\/2018\/05\/Logo-AM.jpg","contentUrl":"https:\/\/www.amsc.es\/wp-content\/uploads\/2018\/05\/Logo-AM.jpg","width":300,"height":132},{"@type":"BreadcrumbList","@id":"https:\/\/www.amsc.es\/index.php\/piensos\/#breadcrumb","itemListElement":[{"@type":"ListItem","position":1,"name":"Portada","item":"https:\/\/www.amsc.es\/"},{"@type":"ListItem","position":2,"name":"Piensos"}]},{"@type":"WebSite","@id":"https:\/\/www.amsc.es\/#website","url":"https:\/\/www.amsc.es\/","name":"Alta Mora\u00f1a Sociedad Cooperativa","description":"La mayor Cooperativa de la provincia de \u00c1vila y referencia como fabricante y distribuidor de piensos y productos l\u00e1cteos.","potentialAction":[{"@type":"SearchAction","target":{"@type":"EntryPoint","urlTemplate":"https:\/\/www.amsc.es\/?s={search_term_string}"},"query-input":{"@type":"PropertyValueSpecification","valueRequired":true,"valueName":"search_term_string"}}],"inLanguage":"es"}]}},"_links":{"self":[{"href":"https:\/\/www.amsc.es\/index.php\/wp-json\/wp\/v2\/pages\/201","targetHints":{"allow":["GET"]}}],"collection":[{"href":"https:\/\/www.amsc.es\/index.php\/wp-json\/wp\/v2\/pages"}],"about":[{"href":"https:\/\/www.amsc.es\/index.php\/wp-json\/wp\/v2\/types\/page"}],"author":[{"embeddable":true,"href":"https:\/\/www.amsc.es\/index.php\/wp-json\/wp\/v2\/users\/1"}],"replies":[{"embeddable":true,"href":"https:\/\/www.amsc.es\/index.php\/wp-json\/wp\/v2\/comments?post=201"}],"version-history":[{"count":32,"href":"https:\/\/www.amsc.es\/index.php\/wp-json\/wp\/v2\/pages\/201\/revisions"}],"predecessor-version":[{"id":793,"href":"https:\/\/www.amsc.es\/index.php\/wp-json\/wp\/v2\/pages\/201\/revisions\/793"}],"wp:attachment":[{"href":"https:\/\/www.amsc.es\/index.php\/wp-json\/wp\/v2\/media?parent=201"}],"curies":[{"name":"wp","href":"https:\/\/api.w.org\/{rel}","templated":true}]}}