{"id":149,"date":"2018-01-23T12:24:15","date_gmt":"2018-01-23T12:24:15","guid":{"rendered":"http:\/\/bridge136.qodeinteractive.com\/?page_id=149"},"modified":"2020-11-06T09:34:24","modified_gmt":"2020-11-06T09:34:24","slug":"la_cooperativa","status":"publish","type":"page","link":"https:\/\/www.amsc.es\/index.php\/la_cooperativa\/","title":{"rendered":"La Cooperativa"},"content":{"rendered":"<div class=\"wpb-content-wrapper\"><p>[vc_row css_animation=\u00bb\u00bb row_type=\u00bbrow\u00bb use_row_as_full_screen_section=\u00bbno\u00bb type=\u00bbfull_width\u00bb angled_section=\u00bbno\u00bb text_align=\u00bbcenter\u00bb background_image_as_pattern=\u00bbwithout_pattern\u00bb z_index=\u00bb\u00bb][vc_column][vc_single_image image=\u00bb300&#8243; img_size=\u00bb1600&#215;400&#8243; alignment=\u00bbcenter\u00bb qode_css_animation=\u00bb\u00bb][\/vc_column][\/vc_row][vc_row css_animation=\u00bb\u00bb row_type=\u00bbrow\u00bb use_row_as_full_screen_section=\u00bbno\u00bb type=\u00bbgrid\u00bb angled_section=\u00bbno\u00bb text_align=\u00bbcenter\u00bb background_image_as_pattern=\u00bbwithout_pattern\u00bb z_index=\u00bb\u00bb][vc_column offset=\u00bbvc_col-lg-offset-2 vc_col-lg-8&#8243; css=\u00bb.vc_custom_1599725443632{margin-top: -30px !important;}\u00bb][qode_elements_holder number_of_columns=\u00bbone_column\u00bb][qode_elements_holder_item background_color=\u00bb#ffffff\u00bb item_padding=\u00bb42px 88px 59px 88px\u00bb advanced_animations=\u00bbno\u00bb item_padding_1280_1440=\u00bb42px 66px 59px 66px\u00bb item_padding_480=\u00bb71px 20px 59px 23px\u00bb][vc_column_text]<\/p>\n<h1>La Cooperativa<\/h1>\n<p>[\/vc_column_text][vc_column_text]<\/p>\n<h5>Nuestra dedicaci\u00f3n y profesionalidad hacen que nuestros productos sean de excelente calidad.<\/h5>\n<p><img loading=\"lazy\" decoding=\"async\" class=\"alignnone wp-image-234\" src=\"https:\/\/www.amsc.es\/wp-content\/uploads\/2018\/05\/Logo-AM-300x132.jpg\" alt=\"\" width=\"200\" height=\"88\" \/>[\/vc_column_text][\/qode_elements_holder_item][\/qode_elements_holder][\/vc_column][\/vc_row][vc_row css_animation=\u00bb\u00bb row_type=\u00bbrow\u00bb use_row_as_full_screen_section=\u00bbno\u00bb type=\u00bbfull_width\u00bb angled_section=\u00bbno\u00bb text_align=\u00bbleft\u00bb background_image_as_pattern=\u00bbwithout_pattern\u00bb][vc_column css=\u00bb.vc_custom_1604655214039{padding-right: 350px !important;padding-left: 350px !important;}\u00bb offset=\u00bbvc_hidden-sm vc_hidden-xs\u00bb][vc_video link=\u00bbhttps:\/\/www.youtube.com\/watch?v=Qm9kmINF0KA\u00bb][\/vc_column][\/vc_row][vc_row css_animation=\u00bb\u00bb row_type=\u00bbrow\u00bb use_row_as_full_screen_section=\u00bbno\u00bb type=\u00bbfull_width\u00bb angled_section=\u00bbno\u00bb text_align=\u00bbleft\u00bb background_image_as_pattern=\u00bbwithout_pattern\u00bb][vc_column offset=\u00bbvc_hidden-lg vc_hidden-md\u00bb][vc_video link=\u00bbhttps:\/\/www.youtube.com\/watch?v=Qm9kmINF0KA\u00bb][\/vc_column][\/vc_row][vc_row css_animation=\u00bb\u00bb row_type=\u00bbrow\u00bb use_row_as_full_screen_section=\u00bbno\u00bb type=\u00bbgrid\u00bb angled_section=\u00bbno\u00bb text_align=\u00bbleft\u00bb background_image_as_pattern=\u00bbwithout_pattern\u00bb z_index=\u00bb\u00bb css=\u00bb.vc_custom_1516718442057{padding-top: 83px !important;}\u00bb][vc_column width=\u00bb1\/2&#8243; offset=\u00bbvc_col-lg-offset-1 vc_col-lg-10&#8243;][vc_column_text]<\/p>\n<h2><b>LA HISTORIA<\/b><\/h2>\n<p>[\/vc_column_text][vc_empty_space height=\u00bb23px\u00bb][vc_column_text]<strong>Alta Mora\u00f1a<\/strong>\u00a0se constituy\u00f3 en 1980, promovida por el\u00a0<strong>Servicio de Extensi\u00f3n<\/strong>\u00a0<strong>Agraria<\/strong>\u00a0como respuesta a la necesidad de mejorar las explotaciones de vacuno lechero de la comarca de\u00a0<strong>San Pedro del Arroyo<\/strong>. Del grupo inicial de 60 socios se ha pasado a m\u00e1s de 500 socios activos que en este momento forman parte de la cooperativa.[\/vc_column_text][vc_empty_space height=\u00bb30px\u00bb][vc_column_text]El objeto social de <strong>Alta Mora\u00f1a, Sociedad Cooperativa<\/strong> es la realizaci\u00f3n de las actividades y operaciones encaminadas al mejor aprovechamiento de las explotaciones de sus socios y a la mejora del nivel de renta y de la calidad de vida de la poblaci\u00f3n agraria y al desarrollo del medio rural, as\u00ed como atender cualquier otro fin o servicio que sea propio de la actividad agr\u00edcola, ganadera o forestal, o est\u00e9 directa o indirectamente relacionado con ellos.[\/vc_column_text][vc_empty_space height=\u00bb30px\u00bb][vc_hoverbox image=\u00bb305&#8243; primary_title=\u00bb\u00bb hover_title=\u00bb\u00bb css_animation=\u00bbleft-to-right\u00bb]Nuestra dedicaci\u00f3n y profesionalidad hacen que nuestros productos sean de excelente calidad.[\/vc_hoverbox][vc_empty_space height=\u00bb50px\u00bb][vc_column_text]<\/p>\n<h2><b>ALTA MORA\u00d1A EN LA ACTUALIDAD<\/b><\/h2>\n<p>[\/vc_column_text][vc_empty_space height=\u00bb30px\u00bb][vc_column_text]Actualmente,\u00a0<strong>Alta Mora\u00f1a<\/strong>\u00a0es\u00a0<strong>la mayor f\u00e1brica de piensos<\/strong>\u00a0de la provincia, con una producci\u00f3n cercana a los 90 millones de Kg. al a\u00f1o para todas las especies.<\/p>\n<p>&nbsp;<\/p>\n<p>En el Centro de Recogida de Leche se transforma la misma en la nave de\u00a0<strong>Elaboraci\u00f3n de Postres L\u00e1cteos<\/strong>, todo de manera artesanal.<\/p>\n<p>&nbsp;<\/p>\n<p>En el\u00a0<strong>establecimiento de alimentaci\u00f3n de Alta Mora\u00f1a en \u00c1vila<\/strong>\u00a0se pueden comprar todos nuestros productos: leche, quesos y los postres l\u00e1cteos elaborados en la cooperativa, distinguidos con las marcas de garant\u00eda \u00c1vila Aut\u00e9ntica y Tierra de Sabor, adem\u00e1s de una gran variedad de productos artesanos de la m\u00e1s alta calidad.<\/p>\n<p>&nbsp;<\/p>\n<p>Alta Mora\u00f1a participa en otras empresas, como <strong>Granja Cerromonte,<\/strong> que es una de las explotaciones de ovino m\u00e1s modernas de Europa y que dispone de la m\u00e1s alta tecnolog\u00eda.<\/p>\n<p>&nbsp;<\/p>\n<p>Tambi\u00e9n participa en la cooperativa de segundo grado\u00a0<strong>Carnavil,<\/strong>\u00a0que cuenta con un Centro de Testaje de ganado de Raza Avile\u00f1a-Negra Ib\u00e9rica para la mejora de la producci\u00f3n de carne de vacuno y su comercializaci\u00f3n.[\/vc_column_text][vc_empty_space height=\u00bb30px\u00bb][vc_column_text]<\/p>\n<h4><b>Entidades participadas por Alta Mora\u00f1a Sociedad Cooperativa<\/b><\/h4>\n<p>[\/vc_column_text][vc_empty_space height=\u00bb30px\u00bb][qode_elements_holder number_of_columns=\u00bbtwo_columns\u00bb][qode_elements_holder_item item_padding=\u00bb0px 20px 0px 20px\u00bb advanced_animations=\u00bbno\u00bb]<div class=\"qode-crossfade-images\" >\n\t\t<div class=\"qode-cfi-img-holder\" \n\t\t\tstyle=\"\tmax-height:1065px;\n\t\t\t\t\tbackground-color: ;\n\t\t\t\">\n\t\t<div class=\"qode-cfi-img-holder-inner\">\n\t\t\t<img decoding=\"async\" src=\"https:\/\/www.amsc.es\/wp-content\/uploads\/2018\/05\/granja_cerromonte.jpg\" alt=\"initial image\" \/>\n\t\t\t<div class=\"qodef-cfi-image-hover qode-lazy-image\" data-image=\"https:\/\/www.amsc.es\/wp-content\/uploads\/2018\/05\/Granja_cerromonte2.jpg\" data-lazy='true'><\/div>\n\t\t<\/div>\n\t<\/div>\n\t\t\t<div class=\"qode-cfi-title-holder\">\n\t\t\t<h3 class=\"qode-cfi-title\">Granja Cerromonte<\/h3>\n\t\t<\/div>\n\t<\/div>[\/qode_elements_holder_item][qode_elements_holder_item item_padding=\u00bb0px 20px 0px 20px\u00bb advanced_animations=\u00bbno\u00bb]<div class=\"qode-crossfade-images\" >\n\t\t<div class=\"qode-cfi-img-holder\" \n\t\t\tstyle=\"\tmax-height:800px;\n\t\t\t\t\tbackground-color: ;\n\t\t\t\">\n\t\t<div class=\"qode-cfi-img-holder-inner\">\n\t\t\t<img decoding=\"async\" src=\"https:\/\/www.amsc.es\/wp-content\/uploads\/2018\/05\/carnavil1.jpg\" alt=\"initial image\" \/>\n\t\t\t<div class=\"qodef-cfi-image-hover qode-lazy-image\" data-image=\"https:\/\/www.amsc.es\/wp-content\/uploads\/2018\/05\/carnavil2.jpg\" data-lazy='true'><\/div>\n\t\t<\/div>\n\t<\/div>\n\t\t\t<div class=\"qode-cfi-title-holder\">\n\t\t\t<h3 class=\"qode-cfi-title\">Carnavil<\/h3>\n\t\t<\/div>\n\t<\/div>[\/qode_elements_holder_item][\/qode_elements_holder][vc_empty_space height=\u00bb30px\u00bb][vc_empty_space height=\u00bb30px\u00bb][\/vc_column][\/vc_row]<\/p>\n<\/div>","protected":false},"excerpt":{"rendered":"<p>[vc_row css_animation=\u00bb\u00bb row_type=\u00bbrow\u00bb use_row_as_full_screen_section=\u00bbno\u00bb type=\u00bbfull_width\u00bb angled_section=\u00bbno\u00bb text_align=\u00bbcenter\u00bb background_image_as_pattern=\u00bbwithout_pattern\u00bb z_index=\u00bb\u00bb][vc_column][vc_single_image image=\u00bb300&#8243; img_size=\u00bb1600&#215;400&#8243; alignment=\u00bbcenter\u00bb qode_css_animation=\u00bb\u00bb][\/vc_column][\/vc_row][vc_row css_animation=\u00bb\u00bb row_type=\u00bbrow\u00bb use_row_as_full_screen_section=\u00bbno\u00bb type=\u00bbgrid\u00bb angled_section=\u00bbno\u00bb text_align=\u00bbcenter\u00bb background_image_as_pattern=\u00bbwithout_pattern\u00bb z_index=\u00bb\u00bb][vc_column offset=\u00bbvc_col-lg-offset-2 vc_col-lg-8&#8243; css=\u00bb.vc_custom_1599725443632{margin-top: -30px !important;}\u00bb][qode_elements_holder number_of_columns=\u00bbone_column\u00bb][qode_elements_holder_item background_color=\u00bb#ffffff\u00bb item_padding=\u00bb42px 88px 59px 88px\u00bb advanced_animations=\u00bbno\u00bb item_padding_1280_1440=\u00bb42px 66px 59px 66px\u00bb item_padding_480=\u00bb71px 20px 59px 23px\u00bb][vc_column_text] La Cooperativa [\/vc_column_text][vc_column_text] Nuestra&#8230;<\/p>\n","protected":false},"author":1,"featured_media":0,"parent":0,"menu_order":0,"comment_status":"closed","ping_status":"closed","template":"full_width.php","meta":{"footnotes":""},"class_list":["post-149","page","type-page","status-publish","hentry"],"yoast_head":"<!-- This site is optimized with the Yoast SEO plugin v27.4 - https:\/\/yoast.com\/product\/yoast-seo-wordpress\/ -->\n<title>Alta Mora\u00f1a Sociedad Cooperativa - F\u00e1brica de piensos<\/title>\n<meta name=\"description\" content=\"Alta Mora\u00f1a es la mayor f\u00e1brica de piensos de la provincia, con una producci\u00f3n cercana a los 90 millones de Kg. al a\u00f1o para todas las especies.\" \/>\n<meta name=\"robots\" content=\"index, follow, max-snippet:-1, max-image-preview:large, max-video-preview:-1\" \/>\n<link rel=\"canonical\" href=\"https:\/\/www.amsc.es\/index.php\/la_cooperativa\/\" \/>\n<meta property=\"og:locale\" content=\"es_ES\" \/>\n<meta property=\"og:type\" content=\"article\" \/>\n<meta property=\"og:title\" content=\"Alta Mora\u00f1a Sociedad Cooperativa - F\u00e1brica de piensos\" \/>\n<meta property=\"og:description\" content=\"Alta Mora\u00f1a es la mayor f\u00e1brica de piensos de la provincia, con una producci\u00f3n cercana a los 90 millones de Kg. al a\u00f1o para todas las especies.\" \/>\n<meta property=\"og:url\" content=\"https:\/\/www.amsc.es\/index.php\/la_cooperativa\/\" \/>\n<meta property=\"og:site_name\" content=\"Alta Mora\u00f1a Sociedad Cooperativa\" \/>\n<meta property=\"article:modified_time\" content=\"2020-11-06T09:34:24+00:00\" \/>\n<meta property=\"og:image\" content=\"https:\/\/www.amsc.es\/wp-content\/uploads\/2018\/05\/Logo-AM-300x132.jpg\" \/>\n<meta name=\"twitter:card\" content=\"summary_large_image\" \/>\n<meta name=\"twitter:label1\" content=\"Tiempo de lectura\" \/>\n\t<meta name=\"twitter:data1\" content=\"4 minutos\" \/>\n<script type=\"application\/ld+json\" class=\"yoast-schema-graph\">{\"@context\":\"https:\\\/\\\/schema.org\",\"@graph\":[{\"@type\":\"WebPage\",\"@id\":\"https:\\\/\\\/www.amsc.es\\\/index.php\\\/la_cooperativa\\\/\",\"url\":\"https:\\\/\\\/www.amsc.es\\\/index.php\\\/la_cooperativa\\\/\",\"name\":\"Alta Mora\u00f1a Sociedad Cooperativa - F\u00e1brica de piensos\",\"isPartOf\":{\"@id\":\"https:\\\/\\\/www.amsc.es\\\/#website\"},\"primaryImageOfPage\":{\"@id\":\"https:\\\/\\\/www.amsc.es\\\/index.php\\\/la_cooperativa\\\/#primaryimage\"},\"image\":{\"@id\":\"https:\\\/\\\/www.amsc.es\\\/index.php\\\/la_cooperativa\\\/#primaryimage\"},\"thumbnailUrl\":\"https:\\\/\\\/www.amsc.es\\\/wp-content\\\/uploads\\\/2018\\\/05\\\/Logo-AM-300x132.jpg\",\"datePublished\":\"2018-01-23T12:24:15+00:00\",\"dateModified\":\"2020-11-06T09:34:24+00:00\",\"description\":\"Alta Mora\u00f1a es la mayor f\u00e1brica de piensos de la provincia, con una producci\u00f3n cercana a los 90 millones de Kg. al a\u00f1o para todas las especies.\",\"breadcrumb\":{\"@id\":\"https:\\\/\\\/www.amsc.es\\\/index.php\\\/la_cooperativa\\\/#breadcrumb\"},\"inLanguage\":\"es\",\"potentialAction\":[{\"@type\":\"ReadAction\",\"target\":[\"https:\\\/\\\/www.amsc.es\\\/index.php\\\/la_cooperativa\\\/\"]}]},{\"@type\":\"ImageObject\",\"inLanguage\":\"es\",\"@id\":\"https:\\\/\\\/www.amsc.es\\\/index.php\\\/la_cooperativa\\\/#primaryimage\",\"url\":\"https:\\\/\\\/www.amsc.es\\\/wp-content\\\/uploads\\\/2018\\\/05\\\/Logo-AM.jpg\",\"contentUrl\":\"https:\\\/\\\/www.amsc.es\\\/wp-content\\\/uploads\\\/2018\\\/05\\\/Logo-AM.jpg\",\"width\":300,\"height\":132},{\"@type\":\"BreadcrumbList\",\"@id\":\"https:\\\/\\\/www.amsc.es\\\/index.php\\\/la_cooperativa\\\/#breadcrumb\",\"itemListElement\":[{\"@type\":\"ListItem\",\"position\":1,\"name\":\"Portada\",\"item\":\"https:\\\/\\\/www.amsc.es\\\/\"},{\"@type\":\"ListItem\",\"position\":2,\"name\":\"La Cooperativa\"}]},{\"@type\":\"WebSite\",\"@id\":\"https:\\\/\\\/www.amsc.es\\\/#website\",\"url\":\"https:\\\/\\\/www.amsc.es\\\/\",\"name\":\"Alta Mora\u00f1a Sociedad Cooperativa\",\"description\":\"La mayor Cooperativa de la provincia de \u00c1vila y referencia como fabricante y distribuidor de piensos y productos l\u00e1cteos.\",\"potentialAction\":[{\"@type\":\"SearchAction\",\"target\":{\"@type\":\"EntryPoint\",\"urlTemplate\":\"https:\\\/\\\/www.amsc.es\\\/?s={search_term_string}\"},\"query-input\":{\"@type\":\"PropertyValueSpecification\",\"valueRequired\":true,\"valueName\":\"search_term_string\"}}],\"inLanguage\":\"es\"}]}<\/script>\n<!-- \/ Yoast SEO plugin. -->","yoast_head_json":{"title":"Alta Mora\u00f1a Sociedad Cooperativa - F\u00e1brica de piensos","description":"Alta Mora\u00f1a es la mayor f\u00e1brica de piensos de la provincia, con una producci\u00f3n cercana a los 90 millones de Kg. al a\u00f1o para todas las especies.","robots":{"index":"index","follow":"follow","max-snippet":"max-snippet:-1","max-image-preview":"max-image-preview:large","max-video-preview":"max-video-preview:-1"},"canonical":"https:\/\/www.amsc.es\/index.php\/la_cooperativa\/","og_locale":"es_ES","og_type":"article","og_title":"Alta Mora\u00f1a Sociedad Cooperativa - F\u00e1brica de piensos","og_description":"Alta Mora\u00f1a es la mayor f\u00e1brica de piensos de la provincia, con una producci\u00f3n cercana a los 90 millones de Kg. al a\u00f1o para todas las especies.","og_url":"https:\/\/www.amsc.es\/index.php\/la_cooperativa\/","og_site_name":"Alta Mora\u00f1a Sociedad Cooperativa","article_modified_time":"2020-11-06T09:34:24+00:00","og_image":[{"url":"https:\/\/www.amsc.es\/wp-content\/uploads\/2018\/05\/Logo-AM-300x132.jpg","type":"","width":"","height":""}],"twitter_card":"summary_large_image","twitter_misc":{"Tiempo de lectura":"4 minutos"},"schema":{"@context":"https:\/\/schema.org","@graph":[{"@type":"WebPage","@id":"https:\/\/www.amsc.es\/index.php\/la_cooperativa\/","url":"https:\/\/www.amsc.es\/index.php\/la_cooperativa\/","name":"Alta Mora\u00f1a Sociedad Cooperativa - F\u00e1brica de piensos","isPartOf":{"@id":"https:\/\/www.amsc.es\/#website"},"primaryImageOfPage":{"@id":"https:\/\/www.amsc.es\/index.php\/la_cooperativa\/#primaryimage"},"image":{"@id":"https:\/\/www.amsc.es\/index.php\/la_cooperativa\/#primaryimage"},"thumbnailUrl":"https:\/\/www.amsc.es\/wp-content\/uploads\/2018\/05\/Logo-AM-300x132.jpg","datePublished":"2018-01-23T12:24:15+00:00","dateModified":"2020-11-06T09:34:24+00:00","description":"Alta Mora\u00f1a es la mayor f\u00e1brica de piensos de la provincia, con una producci\u00f3n cercana a los 90 millones de Kg. al a\u00f1o para todas las especies.","breadcrumb":{"@id":"https:\/\/www.amsc.es\/index.php\/la_cooperativa\/#breadcrumb"},"inLanguage":"es","potentialAction":[{"@type":"ReadAction","target":["https:\/\/www.amsc.es\/index.php\/la_cooperativa\/"]}]},{"@type":"ImageObject","inLanguage":"es","@id":"https:\/\/www.amsc.es\/index.php\/la_cooperativa\/#primaryimage","url":"https:\/\/www.amsc.es\/wp-content\/uploads\/2018\/05\/Logo-AM.jpg","contentUrl":"https:\/\/www.amsc.es\/wp-content\/uploads\/2018\/05\/Logo-AM.jpg","width":300,"height":132},{"@type":"BreadcrumbList","@id":"https:\/\/www.amsc.es\/index.php\/la_cooperativa\/#breadcrumb","itemListElement":[{"@type":"ListItem","position":1,"name":"Portada","item":"https:\/\/www.amsc.es\/"},{"@type":"ListItem","position":2,"name":"La Cooperativa"}]},{"@type":"WebSite","@id":"https:\/\/www.amsc.es\/#website","url":"https:\/\/www.amsc.es\/","name":"Alta Mora\u00f1a Sociedad Cooperativa","description":"La mayor Cooperativa de la provincia de \u00c1vila y referencia como fabricante y distribuidor de piensos y productos l\u00e1cteos.","potentialAction":[{"@type":"SearchAction","target":{"@type":"EntryPoint","urlTemplate":"https:\/\/www.amsc.es\/?s={search_term_string}"},"query-input":{"@type":"PropertyValueSpecification","valueRequired":true,"valueName":"search_term_string"}}],"inLanguage":"es"}]}},"_links":{"self":[{"href":"https:\/\/www.amsc.es\/index.php\/wp-json\/wp\/v2\/pages\/149","targetHints":{"allow":["GET"]}}],"collection":[{"href":"https:\/\/www.amsc.es\/index.php\/wp-json\/wp\/v2\/pages"}],"about":[{"href":"https:\/\/www.amsc.es\/index.php\/wp-json\/wp\/v2\/types\/page"}],"author":[{"embeddable":true,"href":"https:\/\/www.amsc.es\/index.php\/wp-json\/wp\/v2\/users\/1"}],"replies":[{"embeddable":true,"href":"https:\/\/www.amsc.es\/index.php\/wp-json\/wp\/v2\/comments?post=149"}],"version-history":[{"count":42,"href":"https:\/\/www.amsc.es\/index.php\/wp-json\/wp\/v2\/pages\/149\/revisions"}],"predecessor-version":[{"id":795,"href":"https:\/\/www.amsc.es\/index.php\/wp-json\/wp\/v2\/pages\/149\/revisions\/795"}],"wp:attachment":[{"href":"https:\/\/www.amsc.es\/index.php\/wp-json\/wp\/v2\/media?parent=149"}],"curies":[{"name":"wp","href":"https:\/\/api.w.org\/{rel}","templated":true}]}}