{"id":1072,"date":"2025-06-10T17:18:32","date_gmt":"2025-06-10T17:18:32","guid":{"rendered":"https:\/\/www.amsc.es\/?page_id=1072"},"modified":"2025-06-10T17:18:32","modified_gmt":"2025-06-10T17:18:32","slug":"formulario-sube-tu-foto-para-nuestro-calendario","status":"publish","type":"page","link":"https:\/\/www.amsc.es\/index.php\/formulario-sube-tu-foto-para-nuestro-calendario\/","title":{"rendered":"Formulario: Sube tu foto para nuestro calendario"},"content":{"rendered":"\n<div class=\"wpcf7 no-js\" id=\"wpcf7-f1073-o1\" lang=\"es-ES\" dir=\"ltr\" data-wpcf7-id=\"1073\">\n<div class=\"screen-reader-response\"><p role=\"status\" aria-live=\"polite\" aria-atomic=\"true\"><\/p> <ul><\/ul><\/div>\n<form action=\"\/index.php\/wp-json\/wp\/v2\/pages\/1072#wpcf7-f1073-o1\" method=\"post\" class=\"wpcf7-form init\" aria-label=\"Formulario de contacto\" enctype=\"multipart\/form-data\" novalidate=\"novalidate\" data-status=\"init\">\n<fieldset class=\"hidden-fields-container\"><input type=\"hidden\" name=\"_wpcf7\" value=\"1073\" \/><input type=\"hidden\" name=\"_wpcf7_version\" value=\"6.1.5\" \/><input type=\"hidden\" name=\"_wpcf7_locale\" value=\"es_ES\" \/><input type=\"hidden\" name=\"_wpcf7_unit_tag\" value=\"wpcf7-f1073-o1\" \/><input type=\"hidden\" name=\"_wpcf7_container_post\" value=\"0\" \/><input type=\"hidden\" name=\"_wpcf7_posted_data_hash\" value=\"\" \/><input type=\"hidden\" name=\"_wpcf7_recaptcha_response\" value=\"\" \/>\n<\/fieldset>\n<p><label>Tu nombre* <span class=\"wpcf7-form-control-wrap\" data-name=\"nombre-usuario\"><input size=\"40\" maxlength=\"400\" class=\"wpcf7-form-control wpcf7-text wpcf7-validates-as-required\" aria-required=\"true\" aria-invalid=\"false\" placeholder=\"Tu nombre\" value=\"\" type=\"text\" name=\"nombre-usuario\" \/><\/span><\/label><br \/>\n<label>Tu email* <span class=\"wpcf7-form-control-wrap\" data-name=\"email-usuario\"><input size=\"40\" maxlength=\"400\" class=\"wpcf7-form-control wpcf7-email wpcf7-validates-as-required wpcf7-text wpcf7-validates-as-email\" aria-required=\"true\" aria-invalid=\"false\" placeholder=\"Tu email\" value=\"\" type=\"email\" name=\"email-usuario\" \/><\/span><\/label><br \/>\n<label>Tu tel\u00e9fono <span class=\"wpcf7-form-control-wrap\" data-name=\"telefono-usuario\"><input size=\"40\" maxlength=\"400\" class=\"wpcf7-form-control wpcf7-tel wpcf7-text wpcf7-validates-as-tel\" aria-invalid=\"false\" placeholder=\"Tu tel\u00e9fono\" value=\"\" type=\"tel\" name=\"telefono-usuario\" \/><\/span><\/label><br \/>\n<label>Descripci\u00f3n de la foto <span class=\"wpcf7-form-control-wrap\" data-name=\"descripcion-foto\"><input size=\"40\" maxlength=\"400\" class=\"wpcf7-form-control wpcf7-text\" aria-invalid=\"false\" placeholder=\"Descripci\u00f3n de la foto\" value=\"\" type=\"text\" name=\"descripcion-foto\" \/><\/span><\/label><br \/>\n<label>Sube tu foto* <span class=\"wpcf7-form-control-wrap\" data-name=\"foto-calendario\"><input size=\"40\" class=\"wpcf7-form-control wpcf7-file wpcf7-validates-as-required\" accept=\".jpg,.jpeg,.png\" aria-required=\"true\" aria-invalid=\"false\" type=\"file\" name=\"foto-calendario\" \/><\/span><\/label><br \/>\n<label><span class=\"wpcf7-form-control-wrap\" data-name=\"uso-imagen\"><span class=\"wpcf7-form-control wpcf7-acceptance\"><span class=\"wpcf7-list-item\"><input type=\"checkbox\" name=\"uso-imagen\" value=\"1\" aria-invalid=\"false\" \/><\/span><\/span><\/span> Autorizo el uso de esta imagen para el calendario 2027 y otros materiales de la cooperativa.<\/label><br \/>\n<input class=\"wpcf7-form-control wpcf7-submit has-spinner\" type=\"submit\" value=\"ENVIAR FOTO\" \/>\n<\/p><p style=\"display: none !important;\" class=\"akismet-fields-container\" data-prefix=\"_wpcf7_ak_\"><label>&#916;<textarea name=\"_wpcf7_ak_hp_textarea\" cols=\"45\" rows=\"8\" maxlength=\"100\"><\/textarea><\/label><input type=\"hidden\" id=\"ak_js_1\" name=\"_wpcf7_ak_js\" value=\"55\"\/><script>document.getElementById( \"ak_js_1\" ).setAttribute( \"value\", ( new Date() ).getTime() );<\/script><\/p><div class=\"wpcf7-response-output\" aria-hidden=\"true\"><\/div>\n<\/form>\n<\/div>\n\n","protected":false},"excerpt":{"rendered":"Tu nombre* Tu email* Tu tel\u00e9fono Descripci\u00f3n de la foto Sube tu foto* Autorizo el uso de esta imagen para el calendario 2027 y otros materiales de la cooperativa. &#916;","protected":false},"author":1,"featured_media":0,"parent":0,"menu_order":0,"comment_status":"closed","ping_status":"closed","template":"","meta":{"footnotes":""},"class_list":["post-1072","page","type-page","status-publish","hentry"],"yoast_head":"<!-- This site is optimized with the Yoast SEO plugin v27.3 - https:\/\/yoast.com\/product\/yoast-seo-wordpress\/ -->\n<title>Formulario: Sube tu foto para nuestro calendario - Alta Mora\u00f1a Sociedad Cooperativa<\/title>\n<meta name=\"robots\" content=\"index, follow, max-snippet:-1, max-image-preview:large, max-video-preview:-1\" \/>\n<link rel=\"canonical\" href=\"https:\/\/www.amsc.es\/index.php\/formulario-sube-tu-foto-para-nuestro-calendario\/\" \/>\n<meta property=\"og:locale\" content=\"es_ES\" \/>\n<meta property=\"og:type\" content=\"article\" \/>\n<meta property=\"og:title\" content=\"Formulario: Sube tu foto para nuestro calendario - Alta Mora\u00f1a Sociedad Cooperativa\" \/>\n<meta property=\"og:url\" content=\"https:\/\/www.amsc.es\/index.php\/formulario-sube-tu-foto-para-nuestro-calendario\/\" \/>\n<meta property=\"og:site_name\" content=\"Alta Mora\u00f1a Sociedad Cooperativa\" \/>\n<meta name=\"twitter:card\" content=\"summary_large_image\" \/>\n<meta name=\"twitter:label1\" content=\"Tiempo de lectura\" \/>\n\t<meta name=\"twitter:data1\" content=\"1 minuto\" \/>\n<script type=\"application\/ld+json\" class=\"yoast-schema-graph\">{\"@context\":\"https:\\\/\\\/schema.org\",\"@graph\":[{\"@type\":\"WebPage\",\"@id\":\"https:\\\/\\\/www.amsc.es\\\/index.php\\\/formulario-sube-tu-foto-para-nuestro-calendario\\\/\",\"url\":\"https:\\\/\\\/www.amsc.es\\\/index.php\\\/formulario-sube-tu-foto-para-nuestro-calendario\\\/\",\"name\":\"Formulario: Sube tu foto para nuestro calendario - Alta Mora\u00f1a Sociedad Cooperativa\",\"isPartOf\":{\"@id\":\"https:\\\/\\\/www.amsc.es\\\/#website\"},\"datePublished\":\"2025-06-10T17:18:32+00:00\",\"breadcrumb\":{\"@id\":\"https:\\\/\\\/www.amsc.es\\\/index.php\\\/formulario-sube-tu-foto-para-nuestro-calendario\\\/#breadcrumb\"},\"inLanguage\":\"es\",\"potentialAction\":[{\"@type\":\"ReadAction\",\"target\":[\"https:\\\/\\\/www.amsc.es\\\/index.php\\\/formulario-sube-tu-foto-para-nuestro-calendario\\\/\"]}]},{\"@type\":\"BreadcrumbList\",\"@id\":\"https:\\\/\\\/www.amsc.es\\\/index.php\\\/formulario-sube-tu-foto-para-nuestro-calendario\\\/#breadcrumb\",\"itemListElement\":[{\"@type\":\"ListItem\",\"position\":1,\"name\":\"Portada\",\"item\":\"https:\\\/\\\/www.amsc.es\\\/\"},{\"@type\":\"ListItem\",\"position\":2,\"name\":\"Formulario: Sube tu foto para nuestro calendario\"}]},{\"@type\":\"WebSite\",\"@id\":\"https:\\\/\\\/www.amsc.es\\\/#website\",\"url\":\"https:\\\/\\\/www.amsc.es\\\/\",\"name\":\"Alta Mora\u00f1a Sociedad Cooperativa\",\"description\":\"La mayor Cooperativa de la provincia de \u00c1vila y referencia como fabricante y distribuidor de piensos y productos l\u00e1cteos.\",\"potentialAction\":[{\"@type\":\"SearchAction\",\"target\":{\"@type\":\"EntryPoint\",\"urlTemplate\":\"https:\\\/\\\/www.amsc.es\\\/?s={search_term_string}\"},\"query-input\":{\"@type\":\"PropertyValueSpecification\",\"valueRequired\":true,\"valueName\":\"search_term_string\"}}],\"inLanguage\":\"es\"}]}<\/script>\n<!-- \/ Yoast SEO plugin. -->","yoast_head_json":{"title":"Formulario: Sube tu foto para nuestro calendario - Alta Mora\u00f1a Sociedad Cooperativa","robots":{"index":"index","follow":"follow","max-snippet":"max-snippet:-1","max-image-preview":"max-image-preview:large","max-video-preview":"max-video-preview:-1"},"canonical":"https:\/\/www.amsc.es\/index.php\/formulario-sube-tu-foto-para-nuestro-calendario\/","og_locale":"es_ES","og_type":"article","og_title":"Formulario: Sube tu foto para nuestro calendario - Alta Mora\u00f1a Sociedad Cooperativa","og_url":"https:\/\/www.amsc.es\/index.php\/formulario-sube-tu-foto-para-nuestro-calendario\/","og_site_name":"Alta Mora\u00f1a Sociedad Cooperativa","twitter_card":"summary_large_image","twitter_misc":{"Tiempo de lectura":"1 minuto"},"schema":{"@context":"https:\/\/schema.org","@graph":[{"@type":"WebPage","@id":"https:\/\/www.amsc.es\/index.php\/formulario-sube-tu-foto-para-nuestro-calendario\/","url":"https:\/\/www.amsc.es\/index.php\/formulario-sube-tu-foto-para-nuestro-calendario\/","name":"Formulario: Sube tu foto para nuestro calendario - Alta Mora\u00f1a Sociedad Cooperativa","isPartOf":{"@id":"https:\/\/www.amsc.es\/#website"},"datePublished":"2025-06-10T17:18:32+00:00","breadcrumb":{"@id":"https:\/\/www.amsc.es\/index.php\/formulario-sube-tu-foto-para-nuestro-calendario\/#breadcrumb"},"inLanguage":"es","potentialAction":[{"@type":"ReadAction","target":["https:\/\/www.amsc.es\/index.php\/formulario-sube-tu-foto-para-nuestro-calendario\/"]}]},{"@type":"BreadcrumbList","@id":"https:\/\/www.amsc.es\/index.php\/formulario-sube-tu-foto-para-nuestro-calendario\/#breadcrumb","itemListElement":[{"@type":"ListItem","position":1,"name":"Portada","item":"https:\/\/www.amsc.es\/"},{"@type":"ListItem","position":2,"name":"Formulario: Sube tu foto para nuestro calendario"}]},{"@type":"WebSite","@id":"https:\/\/www.amsc.es\/#website","url":"https:\/\/www.amsc.es\/","name":"Alta Mora\u00f1a Sociedad Cooperativa","description":"La mayor Cooperativa de la provincia de \u00c1vila y referencia como fabricante y distribuidor de piensos y productos l\u00e1cteos.","potentialAction":[{"@type":"SearchAction","target":{"@type":"EntryPoint","urlTemplate":"https:\/\/www.amsc.es\/?s={search_term_string}"},"query-input":{"@type":"PropertyValueSpecification","valueRequired":true,"valueName":"search_term_string"}}],"inLanguage":"es"}]}},"_links":{"self":[{"href":"https:\/\/www.amsc.es\/index.php\/wp-json\/wp\/v2\/pages\/1072","targetHints":{"allow":["GET"]}}],"collection":[{"href":"https:\/\/www.amsc.es\/index.php\/wp-json\/wp\/v2\/pages"}],"about":[{"href":"https:\/\/www.amsc.es\/index.php\/wp-json\/wp\/v2\/types\/page"}],"author":[{"embeddable":true,"href":"https:\/\/www.amsc.es\/index.php\/wp-json\/wp\/v2\/users\/1"}],"replies":[{"embeddable":true,"href":"https:\/\/www.amsc.es\/index.php\/wp-json\/wp\/v2\/comments?post=1072"}],"version-history":[{"count":1,"href":"https:\/\/www.amsc.es\/index.php\/wp-json\/wp\/v2\/pages\/1072\/revisions"}],"predecessor-version":[{"id":1074,"href":"https:\/\/www.amsc.es\/index.php\/wp-json\/wp\/v2\/pages\/1072\/revisions\/1074"}],"wp:attachment":[{"href":"https:\/\/www.amsc.es\/index.php\/wp-json\/wp\/v2\/media?parent=1072"}],"curies":[{"name":"wp","href":"https:\/\/api.w.org\/{rel}","templated":true}]}}